{"id":2168,"date":"2026-02-19T20:59:55","date_gmt":"2026-02-19T19:59:55","guid":{"rendered":"https:\/\/www.golfdekerbernez.com\/?page_id=2168"},"modified":"2026-03-21T10:24:35","modified_gmt":"2026-03-21T09:24:35","slug":"animations-2026","status":"publish","type":"page","link":"https:\/\/www.golfdekerbernez.com\/en\/animations-2026\/","title":{"rendered":"Animations 2026"},"content":{"rendered":"<div class=\"wpb-content-wrapper\"><div class=\"vc_row wpb_row vc_row-fluid\"><div class=\"wpb_column vc_column_container vc_col-sm-12\"><div class=\"vc_column-inner\"><div class=\"wpb_wrapper\">\n\t<div class=\"wpb_text_column wpb_content_element\" >\n\t\t<div class=\"wpb_wrapper\">\n\t\t\t<p><span style=\"font-size: 28px; color: #007939;\"><strong><span style=\"font-family: Quicksand;\">Initiations Gratuites au Golf de Kerbernez !<\/span><\/strong><\/span><\/p>\n\n\t\t<\/div>\n\t<\/div>\n\n\t<div class=\"wpb_text_column wpb_content_element\" >\n\t\t<div class=\"wpb_wrapper\">\n\t\t\t<p><span style=\"color: #007939; font-family: Quicksand; font-size: 20px;\">Dans le cadre de l\u2019op\u00e9ration \u201cD\u00e9couverte du Golf\u201d organis\u00e9e par la F\u00e9d\u00e9ration Fran\u00e7aise de Golf, nous vous offrons la possibilit\u00e9 de d\u00e9couvrir le golf gratuitement !<\/span><\/p>\n\n\t\t<\/div>\n\t<\/div>\n\n\t<div  class=\"wpb_single_image wpb_content_element vc_align_center wpb_content_element\">\n\t\t\n\t\t<figure class=\"wpb_wrapper vc_figure\">\n\t\t\t<div class=\"vc_single_image-wrapper   vc_box_border_grey\"><img decoding=\"async\" class=\"vc_single_image-img\" src=\"https:\/\/www.golfdekerbernez.com\/wp-content\/uploads\/2025\/12\/IMG-20251016-WA0000001-600x300.jpeg\" width=\"600\" height=\"300\" alt=\"golf-kerbernez-GP\" title=\"golf-kerbernez-GP\" loading=\"lazy\" \/><\/div>\n\t\t<\/figure>\n\t<\/div>\n<\/div><\/div><\/div><\/div><div class=\"vc_row wpb_row vc_row-fluid\"><div class=\"wpb_column vc_column_container vc_col-sm-12\"><div class=\"vc_column-inner\"><div class=\"wpb_wrapper\">\n\t<div class=\"wpb_text_column wpb_content_element\" >\n\t\t<div class=\"wpb_wrapper\">\n\t\t\t<p style=\"text-align: center;\"><span style=\"color: #007939; font-size: 20px;\"><strong><span style=\"font-family: Quicksand;\">2 s\u00e9ances d\u2019initiation gratuites pour petits et grands !<\/span><\/strong><\/span><\/p>\n<p>&nbsp;<\/p>\n<p style=\"text-align: center;\"><span style=\"font-size: 20px; color: #ed6e00;\"><strong>Dimanche 29 mars 2026<\/strong><\/span><\/p>\n<p style=\"text-align: center;\"><span style=\"font-size: 20px; color: #ed6e00;\"><strong>and<\/strong><\/span><\/p>\n<p style=\"text-align: center;\"><span style=\"font-size: 20px; color: #ed6e00;\"><strong>Samedi 4 avril 2026<\/strong><\/span><\/p>\n<p>&nbsp;<\/p>\n<p style=\"text-align: center;\"><span style=\"font-size: 20px;\"><strong><span style=\"color: #007939;\">De 10h00 \u00e0 12h00<\/span><\/strong><\/span><\/p>\n<p style=\"text-align: center;\"><span style=\"font-size: 20px; color: #007939;\"><strong>and<\/strong><\/span><\/p>\n<p style=\"text-align: center;\"><span style=\"font-size: 20px; color: #007939;\"><strong>De 14h00 \u00e0 17h00<\/strong><\/span><\/p>\n\n\t\t<\/div>\n\t<\/div>\n<div class=\"vc_empty_space\"   style=\"height: 45px\"><span class=\"vc_empty_space_inner\"><\/span><\/div><\/div><\/div><\/div><\/div><div class=\"vc_row wpb_row vc_row-fluid\"><div class=\"wpb_column vc_column_container vc_col-sm-4\"><div class=\"vc_column-inner\"><div class=\"wpb_wrapper\">\n\t<div  class=\"wpb_single_image wpb_content_element vc_align_center wpb_content_element\">\n\t\t\n\t\t<figure class=\"wpb_wrapper vc_figure\">\n\t\t\t<div class=\"vc_single_image-wrapper   vc_box_border_grey\"><img decoding=\"async\" width=\"300\" height=\"225\" src=\"https:\/\/www.golfdekerbernez.com\/wp-content\/uploads\/2026\/02\/DSCN1178-300x225.jpg\" class=\"vc_single_image-img attachment-medium\" alt=\"\" title=\"Manoir\" srcset=\"https:\/\/www.golfdekerbernez.com\/wp-content\/uploads\/2026\/02\/DSCN1178-300x225.jpg 300w, https:\/\/www.golfdekerbernez.com\/wp-content\/uploads\/2026\/02\/DSCN1178-1024x768.jpg 1024w, https:\/\/www.golfdekerbernez.com\/wp-content\/uploads\/2026\/02\/DSCN1178-1536x1152.jpg 1536w, https:\/\/www.golfdekerbernez.com\/wp-content\/uploads\/2026\/02\/DSCN1178-2048x1536.jpg 2048w, https:\/\/www.golfdekerbernez.com\/wp-content\/uploads\/2026\/02\/DSCN1178-16x12.jpg 16w\" sizes=\"(max-width: 300px) 100vw, 300px\" \/><\/div>\n\t\t<\/figure>\n\t<\/div>\n<\/div><\/div><\/div><div class=\"wpb_column vc_column_container vc_col-sm-8\"><div class=\"vc_column-inner\"><div class=\"wpb_wrapper\"><div class=\"vc_empty_space\"   style=\"height: 55px\"><span class=\"vc_empty_space_inner\"><\/span><\/div>\n\t<div class=\"wpb_text_column wpb_content_element\" >\n\t\t<div class=\"wpb_wrapper\">\n\t\t\t<p style=\"text-align: center;\"><span style=\"font-size: 16px;\"><strong><span style=\"color: #007939;\">Venez passer un super moment sur notre magnifique parcours.<\/span><\/strong><\/span><\/p>\n<p style=\"text-align: center;\"><span style=\"font-size: 16px;\"><strong><span style=\"color: #007939;\">Ces initiations sont ouvertes \u00e0 tous, que vous soyez d\u00e9butant ou simplement curieux d\u2019en apprendre davantage sur ce sport.<\/span><\/strong><\/span><\/p>\n\n\t\t<\/div>\n\t<\/div>\n<\/div><\/div><\/div><\/div><div class=\"vc_row wpb_row vc_row-fluid\"><div class=\"wpb_column vc_column_container vc_col-sm-6\"><div class=\"vc_column-inner\"><div class=\"wpb_wrapper\"><div class=\"vc_empty_space\"   style=\"height: 32px\"><span class=\"vc_empty_space_inner\"><\/span><\/div>\n\t<div class=\"wpb_text_column wpb_content_element\" >\n\t\t<div class=\"wpb_wrapper\">\n\t\t\t<p style=\"text-align: center;\"><span style=\"font-size: 16px;\"><strong><span style=\"color: #007939;\">En plus des initiations, profitez de notre porte ouverte pour explorer le site et d\u00e9couvrir nos installations. <\/span><\/strong><\/span><\/p>\n<p style=\"text-align: center;\"><span style=\"font-size: 16px;\"><strong><span style=\"color: #007939;\">Vous pourrez vous balader et appr\u00e9cier la beaut\u00e9 de notre environnement.<\/span><\/strong><\/span><\/p>\n\n\t\t<\/div>\n\t<\/div>\n\n\t<div  class=\"wpb_single_image wpb_content_element vc_align_right wpb_content_element\">\n\t\t\n\t\t<figure class=\"wpb_wrapper vc_figure\">\n\t\t\t<div class=\"vc_single_image-wrapper   vc_box_border_grey\"><img decoding=\"async\" width=\"2560\" height=\"1280\" src=\"https:\/\/www.golfdekerbernez.com\/wp-content\/uploads\/2025\/03\/Practice-kerbernez-cibles.png\" class=\"vc_single_image-img attachment-full\" alt=\"\" title=\"Practice kerbernez cibles\" srcset=\"https:\/\/www.golfdekerbernez.com\/wp-content\/uploads\/2025\/03\/Practice-kerbernez-cibles.png 2560w, https:\/\/www.golfdekerbernez.com\/wp-content\/uploads\/2025\/03\/Practice-kerbernez-cibles-300x150.png 300w, https:\/\/www.golfdekerbernez.com\/wp-content\/uploads\/2025\/03\/Practice-kerbernez-cibles-1024x512.png 1024w, https:\/\/www.golfdekerbernez.com\/wp-content\/uploads\/2025\/03\/Practice-kerbernez-cibles-1536x768.png 1536w, https:\/\/www.golfdekerbernez.com\/wp-content\/uploads\/2025\/03\/Practice-kerbernez-cibles-2048x1024.png 2048w, https:\/\/www.golfdekerbernez.com\/wp-content\/uploads\/2025\/03\/Practice-kerbernez-cibles-18x9.png 18w\" sizes=\"(max-width: 2560px) 100vw, 2560px\" \/><\/div>\n\t\t<\/figure>\n\t<\/div>\n<\/div><\/div><\/div><div class=\"wpb_column vc_column_container vc_col-sm-6\"><div class=\"vc_column-inner\"><div class=\"wpb_wrapper\">\n\t<div  class=\"wpb_single_image wpb_content_element vc_align_right wpb_content_element\">\n\t\t\n\t\t<figure class=\"wpb_wrapper vc_figure\">\n\t\t\t<div class=\"vc_single_image-wrapper   vc_box_border_grey\"><img decoding=\"async\" width=\"300\" height=\"225\" src=\"https:\/\/www.golfdekerbernez.com\/wp-content\/uploads\/2025\/03\/tapis-practice-kerbernez-300x225.jpg\" class=\"vc_single_image-img attachment-medium\" alt=\"\" title=\"tapis practice kerbernez\" srcset=\"https:\/\/www.golfdekerbernez.com\/wp-content\/uploads\/2025\/03\/tapis-practice-kerbernez-300x225.jpg 300w, https:\/\/www.golfdekerbernez.com\/wp-content\/uploads\/2025\/03\/tapis-practice-kerbernez-1024x768.jpg 1024w, https:\/\/www.golfdekerbernez.com\/wp-content\/uploads\/2025\/03\/tapis-practice-kerbernez-1536x1152.jpg 1536w, https:\/\/www.golfdekerbernez.com\/wp-content\/uploads\/2025\/03\/tapis-practice-kerbernez-2048x1536.jpg 2048w, https:\/\/www.golfdekerbernez.com\/wp-content\/uploads\/2025\/03\/tapis-practice-kerbernez-16x12.jpg 16w\" sizes=\"(max-width: 300px) 100vw, 300px\" \/><\/div>\n\t\t<\/figure>\n\t<\/div>\n\n\t<div class=\"wpb_text_column wpb_content_element\" >\n\t\t<div class=\"wpb_wrapper\">\n\t\t\t<p>&nbsp;<\/p>\n<p style=\"text-align: center;\"><span style=\"font-size: 28px;\"><strong><span style=\"font-family: Quicksand; color: #ed6e00;\">Ouvert \u00e0 tous !<\/span><\/strong><\/span><\/p>\n\n\t\t<\/div>\n\t<\/div>\n<\/div><\/div><\/div><\/div><div class=\"vc_row wpb_row vc_row-fluid\"><div class=\"wpb_column vc_column_container vc_col-sm-8\"><div class=\"vc_column-inner\"><div class=\"wpb_wrapper\">\n\t<div class=\"wpb_text_column wpb_content_element\" >\n\t\t<div class=\"wpb_wrapper\">\n\t\t\t<p>&nbsp;<\/p>\n<p style=\"text-align: center;\"><span style=\"font-size: 28px;\"><strong><span style=\"font-family: Quicksand; color: #ed6e00;\">Sans Inscription !<\/span><\/strong><\/span><\/p>\n\n\t\t<\/div>\n\t<\/div>\n<\/div><\/div><\/div><div class=\"wpb_column vc_column_container vc_col-sm-4\"><div class=\"vc_column-inner\"><div class=\"wpb_wrapper\">\n\t<div  class=\"wpb_single_image wpb_content_element vc_align_left wpb_content_element\">\n\t\t\n\t\t<figure class=\"wpb_wrapper vc_figure\">\n\t\t\t<div class=\"vc_single_image-wrapper   vc_box_border_grey\"><img decoding=\"async\" width=\"300\" height=\"200\" src=\"https:\/\/www.golfdekerbernez.com\/wp-content\/uploads\/2024\/04\/NEW-300x200.jpg\" class=\"vc_single_image-img attachment-medium\" alt=\"\" title=\"\" srcset=\"https:\/\/www.golfdekerbernez.com\/wp-content\/uploads\/2024\/04\/NEW-300x200.jpg 300w, https:\/\/www.golfdekerbernez.com\/wp-content\/uploads\/2024\/04\/NEW-1024x682.jpg 1024w, https:\/\/www.golfdekerbernez.com\/wp-content\/uploads\/2024\/04\/NEW-18x12.jpg 18w, https:\/\/www.golfdekerbernez.com\/wp-content\/uploads\/2024\/04\/NEW.jpg 1280w\" sizes=\"(max-width: 300px) 100vw, 300px\" \/><\/div>\n\t\t<\/figure>\n\t<\/div>\n<\/div><\/div><\/div><\/div><div class=\"vc_row wpb_row vc_row-fluid\"><div class=\"wpb_column vc_column_container vc_col-sm-12\"><div class=\"vc_column-inner\"><div class=\"wpb_wrapper\">\n\t<div class=\"wpb_text_column wpb_content_element\" >\n\t\t<div class=\"wpb_wrapper\">\n\t\t\t<p style=\"text-align: center;\"><span style=\"font-size: 24px; color: #ed6e00;\"><em><strong><span style=\"font-family: Oswald;\">Venez vivre une exp\u00e9rience unique au Golf de Kerbernez !<\/span><\/strong><\/em><\/span><\/p>\n\n\t\t<\/div>\n\t<\/div>\n<\/div><\/div><\/div><\/div>\n<\/div>","protected":false},"excerpt":{"rendered":"Initiations Gratuites au Golf de Kerbernez ! Dans le cadre de l\u2019op\u00e9ration \u201cD\u00e9couverte du Golf\u201d organis\u00e9e par la F\u00e9d\u00e9ration Fran\u00e7aise de Golf, nous vous offrons la possibilit\u00e9 de d\u00e9couvrir le golf gratuitement ! 2 s\u00e9ances d\u2019initiation gratuites pour petits et grands ! &nbsp; Dimanche 29 mars 2026 et Samedi 4 avril 2026 &nbsp; De 10h00<a class=\"excerpt-read-more\" href=\"https:\/\/www.golfdekerbernez.com\/en\/animations-2026\/\" title=\"ReadAnimations 2026\">... Read more \"<\/a>","protected":false},"author":9,"featured_media":0,"parent":0,"menu_order":0,"comment_status":"closed","ping_status":"closed","template":"","meta":{"_acf_changed":false,"footnotes":""},"class_list":["post-2168","page","type-page","status-publish","hentry"],"acf":[],"yoast_head":"<!-- This site is optimized with the Yoast SEO plugin v27.1.1 - https:\/\/yoast.com\/product\/yoast-seo-wordpress\/ -->\n<title>Animations 2026 - Golf de Kerbernez<\/title>\n<meta name=\"robots\" content=\"index, follow, max-snippet:-1, max-image-preview:large, max-video-preview:-1\" \/>\n<link rel=\"canonical\" href=\"https:\/\/www.golfdekerbernez.com\/en\/animations-2026\/\" \/>\n<meta property=\"og:locale\" content=\"en_GB\" \/>\n<meta property=\"og:type\" content=\"article\" \/>\n<meta property=\"og:title\" content=\"Animations 2026 - Golf de Kerbernez\" \/>\n<meta property=\"og:url\" content=\"https:\/\/www.golfdekerbernez.com\/en\/animations-2026\/\" \/>\n<meta property=\"og:site_name\" content=\"Golf de Kerbernez\" \/>\n<meta property=\"article:publisher\" content=\"https:\/\/www.facebook.com\/golf.kerbernez.quimper.finistere.bretagne\/\" \/>\n<meta property=\"article:modified_time\" content=\"2026-03-21T09:24:35+00:00\" \/>\n<meta property=\"og:image\" content=\"https:\/\/www.golfdekerbernez.com\/wp-content\/uploads\/2022\/01\/logo_golf_kerbernez_header@2x.png\" \/>\n\t<meta property=\"og:image:width\" content=\"440\" \/>\n\t<meta property=\"og:image:height\" content=\"240\" \/>\n\t<meta property=\"og:image:type\" content=\"image\/png\" \/>\n<meta name=\"twitter:card\" content=\"summary_large_image\" \/>\n<meta name=\"twitter:label1\" content=\"Estimated reading time\" \/>\n\t<meta name=\"twitter:data1\" content=\"2 minutes\" \/>\n<script type=\"application\/ld+json\" class=\"yoast-schema-graph\">{\"@context\":\"https:\/\/schema.org\",\"@graph\":[{\"@type\":\"WebPage\",\"@id\":\"https:\/\/www.golfdekerbernez.com\/animations-2026\/\",\"url\":\"https:\/\/www.golfdekerbernez.com\/animations-2026\/\",\"name\":\"Animations 2026 - Golf de Kerbernez\",\"isPartOf\":{\"@id\":\"https:\/\/www.golfdekerbernez.com\/#website\"},\"datePublished\":\"2026-02-19T19:59:55+00:00\",\"dateModified\":\"2026-03-21T09:24:35+00:00\",\"breadcrumb\":{\"@id\":\"https:\/\/www.golfdekerbernez.com\/animations-2026\/#breadcrumb\"},\"inLanguage\":\"en-GB\",\"potentialAction\":[{\"@type\":\"ReadAction\",\"target\":[\"https:\/\/www.golfdekerbernez.com\/animations-2026\/\"]}]},{\"@type\":\"BreadcrumbList\",\"@id\":\"https:\/\/www.golfdekerbernez.com\/animations-2026\/#breadcrumb\",\"itemListElement\":[{\"@type\":\"ListItem\",\"position\":1,\"name\":\"Accueil\",\"item\":\"https:\/\/www.golfdekerbernez.com\/\"},{\"@type\":\"ListItem\",\"position\":2,\"name\":\"Animations 2026\"}]},{\"@type\":\"WebSite\",\"@id\":\"https:\/\/www.golfdekerbernez.com\/#website\",\"url\":\"https:\/\/www.golfdekerbernez.com\/\",\"name\":\"Golf de Kerbernez\",\"description\":\"Un golf pour tous en Finist\u00e8re !\",\"publisher\":{\"@id\":\"https:\/\/www.golfdekerbernez.com\/#organization\"},\"potentialAction\":[{\"@type\":\"SearchAction\",\"target\":{\"@type\":\"EntryPoint\",\"urlTemplate\":\"https:\/\/www.golfdekerbernez.com\/?s={search_term_string}\"},\"query-input\":{\"@type\":\"PropertyValueSpecification\",\"valueRequired\":true,\"valueName\":\"search_term_string\"}}],\"inLanguage\":\"en-GB\"},{\"@type\":\"Organization\",\"@id\":\"https:\/\/www.golfdekerbernez.com\/#organization\",\"name\":\"Golf De Kerbernez\",\"url\":\"https:\/\/www.golfdekerbernez.com\/\",\"logo\":{\"@type\":\"ImageObject\",\"inLanguage\":\"en-GB\",\"@id\":\"https:\/\/www.golfdekerbernez.com\/#\/schema\/logo\/image\/\",\"url\":\"https:\/\/www.golfdekerbernez.com\/wp-content\/uploads\/2022\/01\/logo_golf_kerbernez_header@2x.png\",\"contentUrl\":\"https:\/\/www.golfdekerbernez.com\/wp-content\/uploads\/2022\/01\/logo_golf_kerbernez_header@2x.png\",\"width\":440,\"height\":240,\"caption\":\"Golf De Kerbernez\"},\"image\":{\"@id\":\"https:\/\/www.golfdekerbernez.com\/#\/schema\/logo\/image\/\"},\"sameAs\":[\"https:\/\/www.facebook.com\/golf.kerbernez.quimper.finistere.bretagne\/\"]}]}<\/script>\n<!-- \/ Yoast SEO plugin. -->","yoast_head_json":{"title":"Animations 2026 - Golf de Kerbernez","robots":{"index":"index","follow":"follow","max-snippet":"max-snippet:-1","max-image-preview":"max-image-preview:large","max-video-preview":"max-video-preview:-1"},"canonical":"https:\/\/www.golfdekerbernez.com\/en\/animations-2026\/","og_locale":"en_GB","og_type":"article","og_title":"Animations 2026 - Golf de Kerbernez","og_url":"https:\/\/www.golfdekerbernez.com\/en\/animations-2026\/","og_site_name":"Golf de Kerbernez","article_publisher":"https:\/\/www.facebook.com\/golf.kerbernez.quimper.finistere.bretagne\/","article_modified_time":"2026-03-21T09:24:35+00:00","og_image":[{"width":440,"height":240,"url":"https:\/\/www.golfdekerbernez.com\/wp-content\/uploads\/2022\/01\/logo_golf_kerbernez_header@2x.png","type":"image\/png"}],"twitter_card":"summary_large_image","twitter_misc":{"Estimated reading time":"2 minutes"},"schema":{"@context":"https:\/\/schema.org","@graph":[{"@type":"WebPage","@id":"https:\/\/www.golfdekerbernez.com\/animations-2026\/","url":"https:\/\/www.golfdekerbernez.com\/animations-2026\/","name":"Animations 2026 - Golf de Kerbernez","isPartOf":{"@id":"https:\/\/www.golfdekerbernez.com\/#website"},"datePublished":"2026-02-19T19:59:55+00:00","dateModified":"2026-03-21T09:24:35+00:00","breadcrumb":{"@id":"https:\/\/www.golfdekerbernez.com\/animations-2026\/#breadcrumb"},"inLanguage":"en-GB","potentialAction":[{"@type":"ReadAction","target":["https:\/\/www.golfdekerbernez.com\/animations-2026\/"]}]},{"@type":"BreadcrumbList","@id":"https:\/\/www.golfdekerbernez.com\/animations-2026\/#breadcrumb","itemListElement":[{"@type":"ListItem","position":1,"name":"Accueil","item":"https:\/\/www.golfdekerbernez.com\/"},{"@type":"ListItem","position":2,"name":"Animations 2026"}]},{"@type":"WebSite","@id":"https:\/\/www.golfdekerbernez.com\/#website","url":"https:\/\/www.golfdekerbernez.com\/","name":"Kerbernez Golf Club","description":"Golf for all in Finist\u00e8re!","publisher":{"@id":"https:\/\/www.golfdekerbernez.com\/#organization"},"potentialAction":[{"@type":"SearchAction","target":{"@type":"EntryPoint","urlTemplate":"https:\/\/www.golfdekerbernez.com\/?s={search_term_string}"},"query-input":{"@type":"PropertyValueSpecification","valueRequired":true,"valueName":"search_term_string"}}],"inLanguage":"en-GB"},{"@type":"Organization","@id":"https:\/\/www.golfdekerbernez.com\/#organization","name":"Golf De Kerbernez","url":"https:\/\/www.golfdekerbernez.com\/","logo":{"@type":"ImageObject","inLanguage":"en-GB","@id":"https:\/\/www.golfdekerbernez.com\/#\/schema\/logo\/image\/","url":"https:\/\/www.golfdekerbernez.com\/wp-content\/uploads\/2022\/01\/logo_golf_kerbernez_header@2x.png","contentUrl":"https:\/\/www.golfdekerbernez.com\/wp-content\/uploads\/2022\/01\/logo_golf_kerbernez_header@2x.png","width":440,"height":240,"caption":"Golf De Kerbernez"},"image":{"@id":"https:\/\/www.golfdekerbernez.com\/#\/schema\/logo\/image\/"},"sameAs":["https:\/\/www.facebook.com\/golf.kerbernez.quimper.finistere.bretagne\/"]}]}},"_links":{"self":[{"href":"https:\/\/www.golfdekerbernez.com\/en\/wp-json\/wp\/v2\/pages\/2168","targetHints":{"allow":["GET"]}}],"collection":[{"href":"https:\/\/www.golfdekerbernez.com\/en\/wp-json\/wp\/v2\/pages"}],"about":[{"href":"https:\/\/www.golfdekerbernez.com\/en\/wp-json\/wp\/v2\/types\/page"}],"author":[{"embeddable":true,"href":"https:\/\/www.golfdekerbernez.com\/en\/wp-json\/wp\/v2\/users\/9"}],"replies":[{"embeddable":true,"href":"https:\/\/www.golfdekerbernez.com\/en\/wp-json\/wp\/v2\/comments?post=2168"}],"version-history":[{"count":5,"href":"https:\/\/www.golfdekerbernez.com\/en\/wp-json\/wp\/v2\/pages\/2168\/revisions"}],"predecessor-version":[{"id":2199,"href":"https:\/\/www.golfdekerbernez.com\/en\/wp-json\/wp\/v2\/pages\/2168\/revisions\/2199"}],"wp:attachment":[{"href":"https:\/\/www.golfdekerbernez.com\/en\/wp-json\/wp\/v2\/media?parent=2168"}],"curies":[{"name":"wp","href":"https:\/\/api.w.org\/{rel}","templated":true}]}}