{"id":247,"date":"2022-01-26T10:48:05","date_gmt":"2022-01-26T09:48:05","guid":{"rendered":"https:\/\/www.golfdekerbernez.com\/?page_id=247"},"modified":"2025-12-28T13:43:07","modified_gmt":"2025-12-28T12:43:07","slug":"le-golf","status":"publish","type":"page","link":"https:\/\/www.golfdekerbernez.com\/en\/le-golf\/","title":{"rendered":"Golf"},"content":{"rendered":"<div class=\"wpb-content-wrapper\"><div class=\"vc_row wpb_row vc_row-fluid\"><div class=\"wpb_column vc_column_container vc_col-sm-12\"><div class=\"vc_column-inner\"><div class=\"wpb_wrapper\">\n\t<div  class=\"wpb_single_image wpb_content_element vc_align_center wpb_content_element\">\n\t\t\n\t\t<figure class=\"wpb_wrapper vc_figure\">\n\t\t\t<div class=\"vc_single_image-wrapper   vc_box_border_grey\"><img decoding=\"async\" width=\"1280\" height=\"720\" src=\"https:\/\/www.golfdekerbernez.com\/wp-content\/uploads\/2025\/12\/IMG-20251016-WA0000001.jpeg\" class=\"vc_single_image-img attachment-full\" alt=\"\" title=\"golf-kerbernez-GP\" srcset=\"https:\/\/www.golfdekerbernez.com\/wp-content\/uploads\/2025\/12\/IMG-20251016-WA0000001.jpeg 1280w, https:\/\/www.golfdekerbernez.com\/wp-content\/uploads\/2025\/12\/IMG-20251016-WA0000001-300x169.jpeg 300w, https:\/\/www.golfdekerbernez.com\/wp-content\/uploads\/2025\/12\/IMG-20251016-WA0000001-1024x576.jpeg 1024w, https:\/\/www.golfdekerbernez.com\/wp-content\/uploads\/2025\/12\/IMG-20251016-WA0000001-18x10.jpeg 18w\" sizes=\"(max-width: 1280px) 100vw, 1280px\" \/><\/div>\n\t\t<\/figure>\n\t<\/div>\n\n\t<div class=\"wpb_text_column wpb_content_element\" >\n\t\t<div class=\"wpb_wrapper\">\n\t\t\t<h1>The <span style=\"color: #007939;\">Golf<\/span><\/h1>\n<p>The Kerbernez Golf Club offers two courses (<a href=\"https:\/\/www.golfdekerbernez.com\/en\/les-parcours\/le-parcours-9-trous\/\">9 holes<\/a> and <a href=\"https:\/\/www.golfdekerbernez.com\/en\/les-parcours\/le-parcours-compact\/\">Compact)<\/a>as well as<a href=\"https:\/\/www.golfdekerbernez.com\/en\/le-golf\/le-practice\/\">a driving range<\/a>the largest in Finist\u00e8re. It is possible to <a href=\"https:\/\/www.golfdekerbernez.com\/en\/le-golf\/le-practice\/enseignement\/\">take courses<\/a>.<\/p>\n<p>Relax after your game at the<a href=\"https:\/\/www.golfdekerbernez.com\/en\/le-golf\/le-club-house-et-le-restaurant-bar\/\"> Clubhouse located in the restaurant Le KerBerneZ<\/a>In a green and relaxing setting.<\/p>\n\n\t\t<\/div>\n\t<\/div>\n<\/div><\/div><\/div><\/div><div class=\"vc_row wpb_row vc_row-fluid\"><div class=\"wpb_column vc_column_container vc_col-sm-6\"><div class=\"vc_column-inner\"><div class=\"wpb_wrapper\">\n<div class=\"vc_grid-container-wrapper vc_clearfix vc_grid-animation-fadeIn\">\n\t<div class=\"vc_grid-container vc_clearfix wpb_content_element vc_media_grid\" data-initial-loading-animation=\"fadeIn\" data-vc-grid-settings=\"{&quot;page_id&quot;:247,&quot;style&quot;:&quot;all&quot;,&quot;action&quot;:&quot;vc_get_vc_grid_data&quot;,&quot;shortcode_id&quot;:&quot;1766925724811-dd21ad02-88e7-1&quot;,&quot;tag&quot;:&quot;vc_media_grid&quot;}\" data-vc-request=\"https:\/\/www.golfdekerbernez.com\/wp-admin\/admin-ajax.php\" data-vc-post-id=\"247\" data-vc-public-nonce=\"7489d0cf26\">\n\t\t\n\t<\/div>\n<\/div><\/div><\/div><\/div><div class=\"wpb_column vc_column_container vc_col-sm-6\"><div class=\"vc_column-inner\"><div class=\"wpb_wrapper\">\n\t<div class=\"wpb_text_column wpb_content_element\" >\n\t\t<div class=\"wpb_wrapper\">\n\t\t\t<h2 style=\"text-align: center;\">The <span style=\"color: #007939;\">tariffs<\/span><\/h2>\n\n\t\t<\/div>\n\t<\/div>\n\n\t<div  class=\"wpb_single_image wpb_content_element vc_align_center wpb_content_element\">\n\t\t\n\t\t<figure class=\"wpb_wrapper vc_figure\">\n\t\t\t<a href=\"https:\/\/www.golfdekerbernez.com\/wp-content\/uploads\/2025\/12\/TARIFS-Kerbernez-2026.pdf\" target=\"_blank\" class=\"vc_single_image-wrapper   vc_box_border_grey\"><img decoding=\"async\" width=\"150\" height=\"150\" src=\"https:\/\/www.golfdekerbernez.com\/wp-content\/uploads\/2025\/12\/Tarif-GF-kerbernez-2026-150x150.png\" class=\"vc_single_image-img attachment-thumbnail\" alt=\"\" title=\"Tarif GF kerbernez 2026\" srcset=\"https:\/\/www.golfdekerbernez.com\/wp-content\/uploads\/2025\/12\/Tarif-GF-kerbernez-2026-150x150.png 150w, https:\/\/www.golfdekerbernez.com\/wp-content\/uploads\/2025\/12\/Tarif-GF-kerbernez-2026-400x400.png 400w\" sizes=\"(max-width: 150px) 100vw, 150px\" \/><\/a>\n\t\t<\/figure>\n\t<\/div>\n\n\t<div class=\"wpb_text_column wpb_content_element vc_custom_1649683630999\" >\n\t\t<div class=\"wpb_wrapper\">\n\t\t\t<h2 style=\"text-align: center;\">The<span style=\"color: #007939;\"> Regulation<\/span><\/h2>\n\n\t\t<\/div>\n\t<\/div>\n\n\t<div  class=\"wpb_single_image wpb_content_element vc_align_center wpb_content_element\">\n\t\t\n\t\t<figure class=\"wpb_wrapper vc_figure\">\n\t\t\t<a href=\"https:\/\/www.golfdekerbernez.com\/wp-content\/uploads\/2025\/12\/Reglement-Interieur-2026.pdf\" target=\"_blank\" class=\"vc_single_image-wrapper   vc_box_border_grey\"><img decoding=\"async\" width=\"150\" height=\"150\" src=\"https:\/\/www.golfdekerbernez.com\/wp-content\/uploads\/2022\/03\/visuel-reglement-150x150.png\" class=\"vc_single_image-img attachment-thumbnail\" alt=\"\" title=\"visual-regulations\" srcset=\"https:\/\/www.golfdekerbernez.com\/wp-content\/uploads\/2022\/03\/visuel-reglement-150x150.png 150w, https:\/\/www.golfdekerbernez.com\/wp-content\/uploads\/2022\/03\/visuel-reglement-400x400.png 400w\" sizes=\"(max-width: 150px) 100vw, 150px\" \/><\/a>\n\t\t<\/figure>\n\t<\/div>\n<\/div><\/div><\/div><\/div>\n<\/div>","protected":false},"excerpt":{"rendered":"Le Golf Le Golf de Kerbernez vous propose deux parcours (9 trous et Compact), ainsi qu\u2019un practice, le plus grand du Finist\u00e8re. Il est possible d\u2019y prendre des cours. D\u00e9tendez-vous apr\u00e8s votre partie au Club-house situ\u00e9 au restaurant Le KerBerneZ, dans un cadre verdoyant et relaxant. Les tarifs Le r\u00e8glement","protected":false},"author":10,"featured_media":0,"parent":0,"menu_order":3,"comment_status":"closed","ping_status":"closed","template":"","meta":{"_acf_changed":false,"footnotes":""},"class_list":["post-247","page","type-page","status-publish","hentry"],"acf":[],"yoast_head":"<!-- This site is optimized with the Yoast SEO plugin v27.6 - https:\/\/yoast.com\/product\/yoast-seo-wordpress\/ -->\n<title>Le golf - Golf de Kerbernez<\/title>\n<meta name=\"description\" content=\"Le Golf de Kerbernez vous accueille \u00e0 Plomelin, avec ses 2 parcours, son practice, son club-house et restaurant.. | Golf de Kerbernez\" \/>\n<meta name=\"robots\" content=\"index, follow, max-snippet:-1, max-image-preview:large, max-video-preview:-1\" \/>\n<link rel=\"canonical\" href=\"https:\/\/www.golfdekerbernez.com\/en\/le-golf\/\" \/>\n<meta property=\"og:locale\" content=\"en_GB\" \/>\n<meta property=\"og:type\" content=\"article\" \/>\n<meta property=\"og:title\" content=\"Le golf - Golf de Kerbernez\" \/>\n<meta property=\"og:description\" content=\"Le Golf de Kerbernez vous accueille \u00e0 Plomelin, avec ses 2 parcours, son practice, son club-house et restaurant.. | Golf de Kerbernez\" \/>\n<meta property=\"og:url\" content=\"https:\/\/www.golfdekerbernez.com\/en\/le-golf\/\" \/>\n<meta property=\"og:site_name\" content=\"Golf de Kerbernez\" \/>\n<meta property=\"article:publisher\" content=\"https:\/\/www.facebook.com\/golf.kerbernez.quimper.finistere.bretagne\/\" \/>\n<meta property=\"article:modified_time\" content=\"2025-12-28T12:43:07+00:00\" \/>\n<meta property=\"og:image\" content=\"https:\/\/www.golfdekerbernez.com\/wp-content\/uploads\/2022\/01\/logo_golf_kerbernez_header@2x.png\" \/>\n\t<meta property=\"og:image:width\" content=\"440\" \/>\n\t<meta property=\"og:image:height\" content=\"240\" \/>\n\t<meta property=\"og:image:type\" content=\"image\/png\" \/>\n<meta name=\"twitter:card\" content=\"summary_large_image\" \/>\n<meta name=\"twitter:label1\" content=\"Estimated reading time\" \/>\n\t<meta name=\"twitter:data1\" content=\"1 minute\" \/>\n<script type=\"application\/ld+json\" class=\"yoast-schema-graph\">{\"@context\":\"https:\\\/\\\/schema.org\",\"@graph\":[{\"@type\":\"WebPage\",\"@id\":\"https:\\\/\\\/www.golfdekerbernez.com\\\/le-golf\\\/\",\"url\":\"https:\\\/\\\/www.golfdekerbernez.com\\\/le-golf\\\/\",\"name\":\"Le golf - Golf de Kerbernez\",\"isPartOf\":{\"@id\":\"https:\\\/\\\/www.golfdekerbernez.com\\\/#website\"},\"datePublished\":\"2022-01-26T09:48:05+00:00\",\"dateModified\":\"2025-12-28T12:43:07+00:00\",\"description\":\"Le Golf de Kerbernez vous accueille \u00e0 Plomelin, avec ses 2 parcours, son practice, son club-house et restaurant.. | Golf de Kerbernez\",\"breadcrumb\":{\"@id\":\"https:\\\/\\\/www.golfdekerbernez.com\\\/le-golf\\\/#breadcrumb\"},\"inLanguage\":\"en-GB\",\"potentialAction\":[{\"@type\":\"ReadAction\",\"target\":[\"https:\\\/\\\/www.golfdekerbernez.com\\\/le-golf\\\/\"]}]},{\"@type\":\"BreadcrumbList\",\"@id\":\"https:\\\/\\\/www.golfdekerbernez.com\\\/le-golf\\\/#breadcrumb\",\"itemListElement\":[{\"@type\":\"ListItem\",\"position\":1,\"name\":\"Accueil\",\"item\":\"https:\\\/\\\/www.golfdekerbernez.com\\\/\"},{\"@type\":\"ListItem\",\"position\":2,\"name\":\"Le golf\"}]},{\"@type\":\"WebSite\",\"@id\":\"https:\\\/\\\/www.golfdekerbernez.com\\\/#website\",\"url\":\"https:\\\/\\\/www.golfdekerbernez.com\\\/\",\"name\":\"Golf de Kerbernez\",\"description\":\"Un golf pour tous en Finist\u00e8re !\",\"publisher\":{\"@id\":\"https:\\\/\\\/www.golfdekerbernez.com\\\/#organization\"},\"potentialAction\":[{\"@type\":\"SearchAction\",\"target\":{\"@type\":\"EntryPoint\",\"urlTemplate\":\"https:\\\/\\\/www.golfdekerbernez.com\\\/?s={search_term_string}\"},\"query-input\":{\"@type\":\"PropertyValueSpecification\",\"valueRequired\":true,\"valueName\":\"search_term_string\"}}],\"inLanguage\":\"en-GB\"},{\"@type\":\"Organization\",\"@id\":\"https:\\\/\\\/www.golfdekerbernez.com\\\/#organization\",\"name\":\"Golf De Kerbernez\",\"url\":\"https:\\\/\\\/www.golfdekerbernez.com\\\/\",\"logo\":{\"@type\":\"ImageObject\",\"inLanguage\":\"en-GB\",\"@id\":\"https:\\\/\\\/www.golfdekerbernez.com\\\/#\\\/schema\\\/logo\\\/image\\\/\",\"url\":\"https:\\\/\\\/www.golfdekerbernez.com\\\/wp-content\\\/uploads\\\/2022\\\/01\\\/logo_golf_kerbernez_header@2x.png\",\"contentUrl\":\"https:\\\/\\\/www.golfdekerbernez.com\\\/wp-content\\\/uploads\\\/2022\\\/01\\\/logo_golf_kerbernez_header@2x.png\",\"width\":440,\"height\":240,\"caption\":\"Golf De Kerbernez\"},\"image\":{\"@id\":\"https:\\\/\\\/www.golfdekerbernez.com\\\/#\\\/schema\\\/logo\\\/image\\\/\"},\"sameAs\":[\"https:\\\/\\\/www.facebook.com\\\/golf.kerbernez.quimper.finistere.bretagne\\\/\"]}]}<\/script>\n<!-- \/ Yoast SEO plugin. -->","yoast_head_json":{"title":"Golf - Golf de Kerbernez","description":"The Golf de Kerbernez welcomes you in Plomelin, with its 2 courses, its practice, its club-house and restaurant... | Golf de Kerbernez","robots":{"index":"index","follow":"follow","max-snippet":"max-snippet:-1","max-image-preview":"max-image-preview:large","max-video-preview":"max-video-preview:-1"},"canonical":"https:\/\/www.golfdekerbernez.com\/en\/le-golf\/","og_locale":"en_GB","og_type":"article","og_title":"Le golf - Golf de Kerbernez","og_description":"Le Golf de Kerbernez vous accueille \u00e0 Plomelin, avec ses 2 parcours, son practice, son club-house et restaurant.. | Golf de Kerbernez","og_url":"https:\/\/www.golfdekerbernez.com\/en\/le-golf\/","og_site_name":"Golf de Kerbernez","article_publisher":"https:\/\/www.facebook.com\/golf.kerbernez.quimper.finistere.bretagne\/","article_modified_time":"2025-12-28T12:43:07+00:00","og_image":[{"width":440,"height":240,"url":"https:\/\/www.golfdekerbernez.com\/wp-content\/uploads\/2022\/01\/logo_golf_kerbernez_header@2x.png","type":"image\/png"}],"twitter_card":"summary_large_image","twitter_misc":{"Estimated reading time":"1 minute"},"schema":{"@context":"https:\/\/schema.org","@graph":[{"@type":"WebPage","@id":"https:\/\/www.golfdekerbernez.com\/le-golf\/","url":"https:\/\/www.golfdekerbernez.com\/le-golf\/","name":"Golf - Golf de Kerbernez","isPartOf":{"@id":"https:\/\/www.golfdekerbernez.com\/#website"},"datePublished":"2022-01-26T09:48:05+00:00","dateModified":"2025-12-28T12:43:07+00:00","description":"The Golf de Kerbernez welcomes you in Plomelin, with its 2 courses, its practice, its club-house and restaurant... | Golf de Kerbernez","breadcrumb":{"@id":"https:\/\/www.golfdekerbernez.com\/le-golf\/#breadcrumb"},"inLanguage":"en-GB","potentialAction":[{"@type":"ReadAction","target":["https:\/\/www.golfdekerbernez.com\/le-golf\/"]}]},{"@type":"BreadcrumbList","@id":"https:\/\/www.golfdekerbernez.com\/le-golf\/#breadcrumb","itemListElement":[{"@type":"ListItem","position":1,"name":"Accueil","item":"https:\/\/www.golfdekerbernez.com\/"},{"@type":"ListItem","position":2,"name":"Le golf"}]},{"@type":"WebSite","@id":"https:\/\/www.golfdekerbernez.com\/#website","url":"https:\/\/www.golfdekerbernez.com\/","name":"Kerbernez Golf Club","description":"Golf for all in Finist\u00e8re!","publisher":{"@id":"https:\/\/www.golfdekerbernez.com\/#organization"},"potentialAction":[{"@type":"SearchAction","target":{"@type":"EntryPoint","urlTemplate":"https:\/\/www.golfdekerbernez.com\/?s={search_term_string}"},"query-input":{"@type":"PropertyValueSpecification","valueRequired":true,"valueName":"search_term_string"}}],"inLanguage":"en-GB"},{"@type":"Organization","@id":"https:\/\/www.golfdekerbernez.com\/#organization","name":"Golf De Kerbernez","url":"https:\/\/www.golfdekerbernez.com\/","logo":{"@type":"ImageObject","inLanguage":"en-GB","@id":"https:\/\/www.golfdekerbernez.com\/#\/schema\/logo\/image\/","url":"https:\/\/www.golfdekerbernez.com\/wp-content\/uploads\/2022\/01\/logo_golf_kerbernez_header@2x.png","contentUrl":"https:\/\/www.golfdekerbernez.com\/wp-content\/uploads\/2022\/01\/logo_golf_kerbernez_header@2x.png","width":440,"height":240,"caption":"Golf De Kerbernez"},"image":{"@id":"https:\/\/www.golfdekerbernez.com\/#\/schema\/logo\/image\/"},"sameAs":["https:\/\/www.facebook.com\/golf.kerbernez.quimper.finistere.bretagne\/"]}]}},"_links":{"self":[{"href":"https:\/\/www.golfdekerbernez.com\/en\/wp-json\/wp\/v2\/pages\/247","targetHints":{"allow":["GET"]}}],"collection":[{"href":"https:\/\/www.golfdekerbernez.com\/en\/wp-json\/wp\/v2\/pages"}],"about":[{"href":"https:\/\/www.golfdekerbernez.com\/en\/wp-json\/wp\/v2\/types\/page"}],"author":[{"embeddable":true,"href":"https:\/\/www.golfdekerbernez.com\/en\/wp-json\/wp\/v2\/users\/10"}],"replies":[{"embeddable":true,"href":"https:\/\/www.golfdekerbernez.com\/en\/wp-json\/wp\/v2\/comments?post=247"}],"version-history":[{"count":6,"href":"https:\/\/www.golfdekerbernez.com\/en\/wp-json\/wp\/v2\/pages\/247\/revisions"}],"predecessor-version":[{"id":2069,"href":"https:\/\/www.golfdekerbernez.com\/en\/wp-json\/wp\/v2\/pages\/247\/revisions\/2069"}],"wp:attachment":[{"href":"https:\/\/www.golfdekerbernez.com\/en\/wp-json\/wp\/v2\/media?parent=247"}],"curies":[{"name":"wp","href":"https:\/\/api.w.org\/{rel}","templated":true}]}}