{"id":251,"date":"2022-01-26T10:49:27","date_gmt":"2022-01-26T09:49:27","guid":{"rendered":"https:\/\/www.golfdekerbernez.com\/?page_id=251"},"modified":"2025-07-21T14:31:18","modified_gmt":"2025-07-21T12:31:18","slug":"reservation","status":"publish","type":"page","link":"https:\/\/www.golfdekerbernez.com\/en\/reservation\/","title":{"rendered":"Reservation"},"content":{"rendered":"<div class=\"wpb-content-wrapper\"><div class=\"vc_row wpb_row vc_row-fluid\"><div class=\"wpb_column vc_column_container vc_col-sm-12\"><div class=\"vc_column-inner\"><div class=\"wpb_wrapper\">\n\t<div class=\"wpb_text_column wpb_content_element\" >\n\t\t<div class=\"wpb_wrapper\">\n\t\t\t<h1><span style=\"color: #007939;\">Book<\/span> your journey!<\/h1>\n<p>&nbsp;<\/p>\n\n\t\t<\/div>\n\t<\/div>\n<\/div><\/div><\/div><\/div><div data-vc-full-width=\"true\" data-vc-full-width-init=\"false\" class=\"vc_row wpb_row vc_row-fluid vc_column-gap-30\"><div class=\"wpb_column vc_column_container vc_col-sm-6 vc_col-has-fill\"><div class=\"vc_column-inner vc_custom_1653328877188\"><div class=\"wpb_wrapper\">\n\t<div class=\"wpb_text_column wpb_content_element\" >\n\t\t<div class=\"wpb_wrapper\">\n\t\t\t<h3><span style=\"color: #ffffff;\">Vous vous voulez r\u00e9server un parcours ?<\/span><\/h3>\n<h4><span style=\"color: #ffffff; font-size: 18px;\">Adh\u00e9rent au golf de Kerbernez,<\/span><\/h4>\n<p><span style=\"color: #ffffff; font-size: 18px;\">Connectez-vous via le bouton ci-dessous pour effectuer votre r\u00e9servation.<\/span><\/p>\n<p>&nbsp;<\/p>\n\n\t\t<\/div>\n\t<\/div>\n<div class=\"vc_btn3-container vc_btn3-inline vc_do_btn\" ><a class=\"vc_general vc_btn3 vc_btn3-size-md vc_btn3-shape-rounded vc_btn3-style-modern vc_btn3-icon-left vc_btn3-color-green\" href=\"https:\/\/prima.golf\/kerbernez\/\" title=\"Primagolf\" target=\"_blank\"><i class=\"vc_btn3-icon fas fa-mouse\"><\/i> Je r\u00e9serve un parcours<\/a><\/div><\/div><\/div><\/div><div class=\"wpb_column vc_column_container vc_col-sm-6 vc_col-has-fill\"><div class=\"vc_column-inner vc_custom_1653328842390\"><div class=\"wpb_wrapper\">\n\t<div class=\"wpb_text_column wpb_content_element\" >\n\t\t<div class=\"wpb_wrapper\">\n\t\t\t<h3><span style=\"color: #ffffff;\">Vous vous voulez r\u00e9server un parcours ?<\/span><\/h3>\n<h4><span style=\"color: #ffffff;\">Vous n&rsquo;\u00eates pas adh\u00e9rent ? Cr\u00e9ez votre compte pour effectuer votre r\u00e9servation de parcours<\/span><\/h4>\n<p><span style=\"color: #ffffff; font-size: 18px; font-family: Lato;\">Connectez-vous via le bouton ci-dessous pour effectuer votre r\u00e9servation.<\/span><\/p>\n\n\t\t<\/div>\n\t<\/div>\n<div class=\"vc_btn3-container vc_btn3-inline vc_do_btn\" ><a class=\"vc_general vc_btn3 vc_btn3-size-md vc_btn3-shape-rounded vc_btn3-style-modern vc_btn3-icon-left vc_btn3-color-green\" href=\"http:\/\/prima.golf\/kerbernez\/public-booking\" title=\"R\u00e9servation Visiteurs\" target=\"_blank\"><i class=\"vc_btn3-icon fas fa-mouse\"><\/i> Je r\u00e9serve un parcours<\/a><\/div><\/div><\/div><\/div><\/div><div class=\"vc_row-full-width vc_clearfix\"><\/div><!-- Row Backgrounds --><div class=\"upb_color\" data-bg-override=\"0\" data-bg-color=\"#ec6e00\" data-fadeout=\"\" data-fadeout-percentage=\"30\" data-parallax-content=\"\" data-parallax-content-sense=\"30\" data-row-effect-mobile-disable=\"true\" data-img-parallax-mobile-disable=\"true\" data-rtl=\"false\"  data-custom-vc-row=\"\"  data-vc=\"8.0.1\"  data-is_old_vc=\"\"  data-theme-support=\"\"   data-overlay=\"false\" data-overlay-color=\"\" data-overlay-pattern=\"\" data-overlay-pattern-opacity=\"\" data-overlay-pattern-size=\"\"    ><\/div><div class=\"vc_row wpb_row vc_row-fluid\"><div class=\"wpb_column vc_column_container vc_col-sm-12\"><div class=\"vc_column-inner\"><div class=\"wpb_wrapper\"><\/div><\/div><\/div><\/div><div class=\"vc_row wpb_row vc_row-fluid\"><div class=\"wpb_column vc_column_container vc_col-sm-12\"><div class=\"vc_column-inner\"><div class=\"wpb_wrapper\">\n\t<div class=\"wpb_text_column wpb_content_element\" >\n\t\t<div class=\"wpb_wrapper\">\n\t\t\t<div><span style=\"color: #ed6e00;\"><strong><span style=\"font-size: 18px; font-family: Oswald;\">Vous souhaitez faire une r\u00e9servation de groupe &#8230;<\/span><\/strong><\/span><\/div>\n<div><\/div>\n<div><\/div>\n<div><span style=\"font-family: Quicksand; font-size: 18px;\">Pour mieux r\u00e9pondre \u00e0 votre attente, n&rsquo;h\u00e9sitez pas \u00e0 nous contacter via notre formulaire de contact.<\/span><\/div>\n\n\t\t<\/div>\n\t<\/div>\n\n\t<div class=\"wpb_text_column wpb_content_element\" >\n\t\t<div class=\"wpb_wrapper\">\n\t\t\t<div class=\"btn-flip-container\"><a href=\"https:\/\/www.golfdekerbernez.com\/en\/plan-et-contact\/\" data-hover=\"Nous contacter\">Nous contacter<\/a><\/div>\n\n\t\t<\/div>\n\t<\/div>\n<\/div><\/div><\/div><\/div>\n<\/div>","protected":false},"excerpt":{"rendered":"R\u00e9servez votre parcours ! &nbsp; Vous vous voulez r\u00e9server un parcours ? Adh\u00e9rent au golf de Kerbernez, Connectez-vous via le bouton ci-dessous pour effectuer votre r\u00e9servation. &nbsp; Je r\u00e9serve un parcours Vous vous voulez r\u00e9server un parcours ? Vous n'\u00eates pas adh\u00e9rent ? Cr\u00e9ez votre compte pour effectuer votre r\u00e9servation de parcours Connectez-vous via le<a class=\"excerpt-read-more\" href=\"https:\/\/www.golfdekerbernez.com\/en\/reservation\/\" title=\"ReadBooking\">... Read more \"<\/a>","protected":false},"author":10,"featured_media":0,"parent":0,"menu_order":5,"comment_status":"closed","ping_status":"closed","template":"","meta":{"_acf_changed":false,"footnotes":""},"class_list":["post-251","page","type-page","status-publish","hentry"],"acf":[],"yoast_head":"<!-- This site is optimized with the Yoast SEO plugin v27.6 - https:\/\/yoast.com\/product\/yoast-seo-wordpress\/ -->\n<title>R\u00e9servation - Golf de Kerbernez<\/title>\n<meta name=\"description\" content=\"R\u00e9servez ici votre parcours sur le Golf de Kerbernez, pour un moment de d\u00e9tente dans la nature | Golf de Kerbernez\" \/>\n<meta name=\"robots\" content=\"index, follow, max-snippet:-1, max-image-preview:large, max-video-preview:-1\" \/>\n<link rel=\"canonical\" href=\"https:\/\/www.golfdekerbernez.com\/en\/reservation\/\" \/>\n<meta property=\"og:locale\" content=\"en_GB\" \/>\n<meta property=\"og:type\" content=\"article\" \/>\n<meta property=\"og:title\" content=\"R\u00e9servation - Golf de Kerbernez\" \/>\n<meta property=\"og:description\" content=\"R\u00e9servez ici votre parcours sur le Golf de Kerbernez, pour un moment de d\u00e9tente dans la nature | Golf de Kerbernez\" \/>\n<meta property=\"og:url\" content=\"https:\/\/www.golfdekerbernez.com\/en\/reservation\/\" \/>\n<meta property=\"og:site_name\" content=\"Golf de Kerbernez\" \/>\n<meta property=\"article:publisher\" content=\"https:\/\/www.facebook.com\/golf.kerbernez.quimper.finistere.bretagne\/\" \/>\n<meta property=\"article:modified_time\" content=\"2025-07-21T12:31:18+00:00\" \/>\n<meta property=\"og:image\" content=\"https:\/\/www.golfdekerbernez.com\/wp-content\/uploads\/2022\/01\/logo_golf_kerbernez_header@2x.png\" \/>\n\t<meta property=\"og:image:width\" content=\"440\" \/>\n\t<meta property=\"og:image:height\" content=\"240\" \/>\n\t<meta property=\"og:image:type\" content=\"image\/png\" \/>\n<meta name=\"twitter:card\" content=\"summary_large_image\" \/>\n<meta name=\"twitter:label1\" content=\"Estimated reading time\" \/>\n\t<meta name=\"twitter:data1\" content=\"1 minute\" \/>\n<script type=\"application\/ld+json\" class=\"yoast-schema-graph\">{\"@context\":\"https:\\\/\\\/schema.org\",\"@graph\":[{\"@type\":\"WebPage\",\"@id\":\"https:\\\/\\\/www.golfdekerbernez.com\\\/reservation\\\/\",\"url\":\"https:\\\/\\\/www.golfdekerbernez.com\\\/reservation\\\/\",\"name\":\"R\u00e9servation - Golf de Kerbernez\",\"isPartOf\":{\"@id\":\"https:\\\/\\\/www.golfdekerbernez.com\\\/#website\"},\"datePublished\":\"2022-01-26T09:49:27+00:00\",\"dateModified\":\"2025-07-21T12:31:18+00:00\",\"description\":\"R\u00e9servez ici votre parcours sur le Golf de Kerbernez, pour un moment de d\u00e9tente dans la nature | Golf de Kerbernez\",\"breadcrumb\":{\"@id\":\"https:\\\/\\\/www.golfdekerbernez.com\\\/reservation\\\/#breadcrumb\"},\"inLanguage\":\"en-GB\",\"potentialAction\":[{\"@type\":\"ReadAction\",\"target\":[\"https:\\\/\\\/www.golfdekerbernez.com\\\/reservation\\\/\"]}]},{\"@type\":\"BreadcrumbList\",\"@id\":\"https:\\\/\\\/www.golfdekerbernez.com\\\/reservation\\\/#breadcrumb\",\"itemListElement\":[{\"@type\":\"ListItem\",\"position\":1,\"name\":\"Accueil\",\"item\":\"https:\\\/\\\/www.golfdekerbernez.com\\\/\"},{\"@type\":\"ListItem\",\"position\":2,\"name\":\"R\u00e9servation\"}]},{\"@type\":\"WebSite\",\"@id\":\"https:\\\/\\\/www.golfdekerbernez.com\\\/#website\",\"url\":\"https:\\\/\\\/www.golfdekerbernez.com\\\/\",\"name\":\"Golf de Kerbernez\",\"description\":\"Un golf pour tous en Finist\u00e8re !\",\"publisher\":{\"@id\":\"https:\\\/\\\/www.golfdekerbernez.com\\\/#organization\"},\"potentialAction\":[{\"@type\":\"SearchAction\",\"target\":{\"@type\":\"EntryPoint\",\"urlTemplate\":\"https:\\\/\\\/www.golfdekerbernez.com\\\/?s={search_term_string}\"},\"query-input\":{\"@type\":\"PropertyValueSpecification\",\"valueRequired\":true,\"valueName\":\"search_term_string\"}}],\"inLanguage\":\"en-GB\"},{\"@type\":\"Organization\",\"@id\":\"https:\\\/\\\/www.golfdekerbernez.com\\\/#organization\",\"name\":\"Golf De Kerbernez\",\"url\":\"https:\\\/\\\/www.golfdekerbernez.com\\\/\",\"logo\":{\"@type\":\"ImageObject\",\"inLanguage\":\"en-GB\",\"@id\":\"https:\\\/\\\/www.golfdekerbernez.com\\\/#\\\/schema\\\/logo\\\/image\\\/\",\"url\":\"https:\\\/\\\/www.golfdekerbernez.com\\\/wp-content\\\/uploads\\\/2022\\\/01\\\/logo_golf_kerbernez_header@2x.png\",\"contentUrl\":\"https:\\\/\\\/www.golfdekerbernez.com\\\/wp-content\\\/uploads\\\/2022\\\/01\\\/logo_golf_kerbernez_header@2x.png\",\"width\":440,\"height\":240,\"caption\":\"Golf De Kerbernez\"},\"image\":{\"@id\":\"https:\\\/\\\/www.golfdekerbernez.com\\\/#\\\/schema\\\/logo\\\/image\\\/\"},\"sameAs\":[\"https:\\\/\\\/www.facebook.com\\\/golf.kerbernez.quimper.finistere.bretagne\\\/\"]}]}<\/script>\n<!-- \/ Yoast SEO plugin. -->","yoast_head_json":{"title":"Booking - Golf de Kerbernez","description":"Book here your course on the Golf de Kerbernez, for a moment of relaxation in the nature | Golf de Kerbernez","robots":{"index":"index","follow":"follow","max-snippet":"max-snippet:-1","max-image-preview":"max-image-preview:large","max-video-preview":"max-video-preview:-1"},"canonical":"https:\/\/www.golfdekerbernez.com\/en\/reservation\/","og_locale":"en_GB","og_type":"article","og_title":"R\u00e9servation - Golf de Kerbernez","og_description":"R\u00e9servez ici votre parcours sur le Golf de Kerbernez, pour un moment de d\u00e9tente dans la nature | Golf de Kerbernez","og_url":"https:\/\/www.golfdekerbernez.com\/en\/reservation\/","og_site_name":"Golf de Kerbernez","article_publisher":"https:\/\/www.facebook.com\/golf.kerbernez.quimper.finistere.bretagne\/","article_modified_time":"2025-07-21T12:31:18+00:00","og_image":[{"width":440,"height":240,"url":"https:\/\/www.golfdekerbernez.com\/wp-content\/uploads\/2022\/01\/logo_golf_kerbernez_header@2x.png","type":"image\/png"}],"twitter_card":"summary_large_image","twitter_misc":{"Estimated reading time":"1 minute"},"schema":{"@context":"https:\/\/schema.org","@graph":[{"@type":"WebPage","@id":"https:\/\/www.golfdekerbernez.com\/reservation\/","url":"https:\/\/www.golfdekerbernez.com\/reservation\/","name":"Booking - Golf de Kerbernez","isPartOf":{"@id":"https:\/\/www.golfdekerbernez.com\/#website"},"datePublished":"2022-01-26T09:49:27+00:00","dateModified":"2025-07-21T12:31:18+00:00","description":"Book here your course on the Golf de Kerbernez, for a moment of relaxation in the nature | Golf de Kerbernez","breadcrumb":{"@id":"https:\/\/www.golfdekerbernez.com\/reservation\/#breadcrumb"},"inLanguage":"en-GB","potentialAction":[{"@type":"ReadAction","target":["https:\/\/www.golfdekerbernez.com\/reservation\/"]}]},{"@type":"BreadcrumbList","@id":"https:\/\/www.golfdekerbernez.com\/reservation\/#breadcrumb","itemListElement":[{"@type":"ListItem","position":1,"name":"Accueil","item":"https:\/\/www.golfdekerbernez.com\/"},{"@type":"ListItem","position":2,"name":"R\u00e9servation"}]},{"@type":"WebSite","@id":"https:\/\/www.golfdekerbernez.com\/#website","url":"https:\/\/www.golfdekerbernez.com\/","name":"Kerbernez Golf Club","description":"Golf for all in Finist\u00e8re!","publisher":{"@id":"https:\/\/www.golfdekerbernez.com\/#organization"},"potentialAction":[{"@type":"SearchAction","target":{"@type":"EntryPoint","urlTemplate":"https:\/\/www.golfdekerbernez.com\/?s={search_term_string}"},"query-input":{"@type":"PropertyValueSpecification","valueRequired":true,"valueName":"search_term_string"}}],"inLanguage":"en-GB"},{"@type":"Organization","@id":"https:\/\/www.golfdekerbernez.com\/#organization","name":"Golf De Kerbernez","url":"https:\/\/www.golfdekerbernez.com\/","logo":{"@type":"ImageObject","inLanguage":"en-GB","@id":"https:\/\/www.golfdekerbernez.com\/#\/schema\/logo\/image\/","url":"https:\/\/www.golfdekerbernez.com\/wp-content\/uploads\/2022\/01\/logo_golf_kerbernez_header@2x.png","contentUrl":"https:\/\/www.golfdekerbernez.com\/wp-content\/uploads\/2022\/01\/logo_golf_kerbernez_header@2x.png","width":440,"height":240,"caption":"Golf De Kerbernez"},"image":{"@id":"https:\/\/www.golfdekerbernez.com\/#\/schema\/logo\/image\/"},"sameAs":["https:\/\/www.facebook.com\/golf.kerbernez.quimper.finistere.bretagne\/"]}]}},"_links":{"self":[{"href":"https:\/\/www.golfdekerbernez.com\/en\/wp-json\/wp\/v2\/pages\/251","targetHints":{"allow":["GET"]}}],"collection":[{"href":"https:\/\/www.golfdekerbernez.com\/en\/wp-json\/wp\/v2\/pages"}],"about":[{"href":"https:\/\/www.golfdekerbernez.com\/en\/wp-json\/wp\/v2\/types\/page"}],"author":[{"embeddable":true,"href":"https:\/\/www.golfdekerbernez.com\/en\/wp-json\/wp\/v2\/users\/10"}],"replies":[{"embeddable":true,"href":"https:\/\/www.golfdekerbernez.com\/en\/wp-json\/wp\/v2\/comments?post=251"}],"version-history":[{"count":7,"href":"https:\/\/www.golfdekerbernez.com\/en\/wp-json\/wp\/v2\/pages\/251\/revisions"}],"predecessor-version":[{"id":1960,"href":"https:\/\/www.golfdekerbernez.com\/en\/wp-json\/wp\/v2\/pages\/251\/revisions\/1960"}],"wp:attachment":[{"href":"https:\/\/www.golfdekerbernez.com\/en\/wp-json\/wp\/v2\/media?parent=251"}],"curies":[{"name":"wp","href":"https:\/\/api.w.org\/{rel}","templated":true}]}}