{"id":85,"date":"2021-10-25T15:11:26","date_gmt":"2021-10-25T13:11:26","guid":{"rendered":"https:\/\/www.golfdekerbernez.com\/repertoire-de-levenement-page_slug\/"},"modified":"2022-10-04T10:14:05","modified_gmt":"2022-10-04T08:14:05","slug":"repertoire-de-levenement-page_slug","status":"publish","type":"page","link":"https:\/\/www.golfdekerbernez.com\/en\/repertoire-de-levenement-page_slug\/","title":{"rendered":"Events"},"content":{"rendered":"<div class=\"wpb-content-wrapper\"><div class=\"vc_row wpb_row vc_row-fluid\"><div class=\"wpb_column vc_column_container vc_col-sm-12\"><div class=\"vc_column-inner\"><div class=\"wpb_wrapper\">\n\t<div class=\"wpb_text_column wpb_content_element\" >\n\t\t<div class=\"wpb_wrapper\">\n\t\t\t<h1>The <span style=\"color: #007939;\">events<\/span> Golf de Kerbernez<\/h1>\n<p>Find here all the dates and information on the next events proposed by the Golf de Kerbernez.<\/p>\n\n\t\t<\/div>\n\t<\/div>\n<\/div><\/div><\/div><\/div><div class=\"vc_row wpb_row vc_row-fluid\"><div class=\"wpb_column vc_column_container vc_col-sm-12\"><div class=\"vc_column-inner\"><div class=\"wpb_wrapper\"><!-- EventON Calendar --><div id='evcal_calendar_541' class='ajde_evcal_calendar  box_2 ajax_loading_cal' ><div id='evcal_head' class='calendar_header' ><div class='evo_cal_above'><span class='evo-gototoday-btn' style='display:none' data-mo='5' data-yr='2026' data-dy=''>Current Month<\/span><\/div><div class='evo_cal_above_content'><\/div><p id='evcal_cur' class='evo_month_title'> mai, 2026<\/p><p class='evo_arrows'><span id='evcal_prev' class='evcal_arrows evcal_btn_prev' ><\/span><span id='evcal_next' class='evcal_arrows evo_arrow_next evcal_btn_next' ><\/span><\/p><div class='clear'><\/div><\/div><div id='eventon_loadbar_section'><div id='eventon_loadbar'><\/div><\/div><div class='evo_ajax_load_events'><span><\/span><span><\/span><span><\/span><\/div><!-- Events List --><div id='evcal_list' class='eventon_events_list'>\t\t\t<div class='clear'><\/div>\r\n\t\t\t<\/div>\r\n\t\t\t<div class='clear'><\/div>\r\n\t\t\t\t\t \t<div id='evcal_footer' class='evo_bottom' style='display:none'>\r\n\t\t \t\t<div class='evo_cal_data'  data-sc='{\"accord\":\"no\",\"bottom_nav\":\"no\",\"cal_id\":\"\",\"cal_init_nonajax\":\"no\",\"calendar_type\":\"default\",\"etc_override\":\"no\",\"evc_open\":\"no\",\"event_count\":0,\"event_location\":\"all\",\"event_order\":\"ASC\",\"event_organizer\":\"all\",\"event_past_future\":\"all\",\"event_tag\":\"all\",\"event_type\":\"all\",\"event_type_2\":\"all\",\"event_type_3\":\"all\",\"event_type_4\":\"all\",\"event_type_5\":\"all\",\"eventtop_style\":0,\"exp_jumper\":\"no\",\"exp_so\":\"no\",\"filter_relationship\":\"AND\",\"filter_show_set_only\":\"no\",\"filter_type\":\"default\",\"filters\":\"yes\",\"fixed_month\":\"5\",\"fixed_year\":\"2026\",\"focus_end_date_range\":\"1780271999\",\"focus_start_date_range\":\"1777593600\",\"ft_event_priority\":\"no\",\"hide_arrows\":\"no\",\"hide_empty_months\":\"no\",\"hide_end_time\":\"no\",\"hide_ft\":\"no\",\"hide_month_headers\":\"no\",\"hide_mult_occur\":\"no\",\"hide_past\":\"no\",\"hide_past_by\":\"ee\",\"hide_so\":\"no\",\"ics\":\"no\",\"jumper\":\"no\",\"jumper_count\":5,\"jumper_offset\":\"0\",\"lang\":\"L1\",\"layout_changer\":\"no\",\"livenow_bar\":\"yes\",\"mapformat\":\"roadmap\",\"mapiconurl\":\"\",\"maps_load\":\"yes\",\"mapscroll\":\"false\",\"mapzoom\":\"18\",\"members_only\":\"no\",\"ml_priority\":\"no\",\"month_incre\":0,\"number_of_months\":\"1\",\"only_ft\":\"no\",\"pec\":\"\",\"s\":\"\",\"search\":\"\",\"search_all\":\"no\",\"sep_month\":\"no\",\"show_et_ft_img\":\"no\",\"show_limit\":\"no\",\"show_limit_ajax\":\"no\",\"show_limit_paged\":1,\"show_limit_redir\":\"\",\"show_repeats\":\"no\",\"show_upcoming\":0,\"show_year\":\"no\",\"sort_by\":\"sort_date\",\"tile_bg\":0,\"tile_bg_size\":\"full\",\"tile_count\":2,\"tile_height\":0,\"tile_style\":0,\"tiles\":\"no\",\"ux_val\":\"0\",\"view_switcher\":\"no\",\"wpml_l1\":\"\",\"wpml_l2\":\"\",\"wpml_l3\":\"\",\"yl_priority\":\"no\",\"fixed_day\":\"1\",\"_cver\":\"3.1.6\"}' data-od='{\"lang_no_events\":\"Pas d&#039;\\u00e9v\\u00e8nements\"}'><\/div>\r\n\t\t \t\t<div class='evo_cal_events' data-events=\"\"><\/div>\r\n\t\t \t<\/div>\r\n\t\t\t\t\r\n\t\t\t\r\n\t\t\t\t\t\t<\/div><!-- EventON End -->\r\n\t\t\t<\/div><\/div><\/div><\/div><div class=\"vc_row wpb_row vc_row-fluid\"><div class=\"wpb_column vc_column_container vc_col-sm-12\"><div class=\"vc_column-inner\"><div class=\"wpb_wrapper\"><\/div><\/div><\/div><div class=\"wpb_column vc_column_container vc_col-sm-12\"><div class=\"vc_column-inner\"><div class=\"wpb_wrapper\"><\/div><\/div><\/div><\/div>\n<\/div>","protected":false},"excerpt":{"rendered":"Les \u00e9v\u00e9nements du Golf de Kerbernez Retrouvez ici toutes les dates et les informations sur les prochains \u00e9v\u00e9nements propos\u00e9s par le Golf de Kerbernez. Current Month mai, 2026","protected":false},"author":10,"featured_media":0,"parent":0,"menu_order":15,"comment_status":"closed","ping_status":"closed","template":"","meta":{"_acf_changed":false,"footnotes":""},"class_list":["post-85","page","type-page","status-publish","hentry"],"acf":[],"yoast_head":"<!-- This site is optimized with the Yoast SEO plugin v27.6 - https:\/\/yoast.com\/product\/yoast-seo-wordpress\/ -->\n<title>\u00c9v\u00e8nements - Golf de Kerbernez<\/title>\n<meta name=\"robots\" content=\"index, follow, max-snippet:-1, max-image-preview:large, max-video-preview:-1\" \/>\n<link rel=\"canonical\" href=\"https:\/\/www.golfdekerbernez.com\/en\/repertoire-de-levenement-page_slug\/\" \/>\n<meta property=\"og:locale\" content=\"en_GB\" \/>\n<meta property=\"og:type\" content=\"article\" \/>\n<meta property=\"og:title\" content=\"\u00c9v\u00e8nements - Golf de Kerbernez\" \/>\n<meta property=\"og:url\" content=\"https:\/\/www.golfdekerbernez.com\/en\/repertoire-de-levenement-page_slug\/\" \/>\n<meta property=\"og:site_name\" content=\"Golf de Kerbernez\" \/>\n<meta property=\"article:publisher\" content=\"https:\/\/www.facebook.com\/golf.kerbernez.quimper.finistere.bretagne\/\" \/>\n<meta property=\"article:modified_time\" content=\"2022-10-04T08:14:05+00:00\" \/>\n<meta property=\"og:image\" content=\"https:\/\/www.golfdekerbernez.com\/wp-content\/uploads\/2022\/01\/logo_golf_kerbernez_header@2x.png\" \/>\n\t<meta property=\"og:image:width\" content=\"440\" \/>\n\t<meta property=\"og:image:height\" content=\"240\" \/>\n\t<meta property=\"og:image:type\" content=\"image\/png\" \/>\n<meta name=\"twitter:card\" content=\"summary_large_image\" \/>\n<meta name=\"twitter:label1\" content=\"Estimated reading time\" \/>\n\t<meta name=\"twitter:data1\" content=\"1 minute\" \/>\n<script type=\"application\/ld+json\" class=\"yoast-schema-graph\">{\"@context\":\"https:\\\/\\\/schema.org\",\"@graph\":[{\"@type\":\"WebPage\",\"@id\":\"https:\\\/\\\/www.golfdekerbernez.com\\\/repertoire-de-levenement-page_slug\\\/\",\"url\":\"https:\\\/\\\/www.golfdekerbernez.com\\\/repertoire-de-levenement-page_slug\\\/\",\"name\":\"\u00c9v\u00e8nements - Golf de Kerbernez\",\"isPartOf\":{\"@id\":\"https:\\\/\\\/www.golfdekerbernez.com\\\/#website\"},\"datePublished\":\"2021-10-25T13:11:26+00:00\",\"dateModified\":\"2022-10-04T08:14:05+00:00\",\"breadcrumb\":{\"@id\":\"https:\\\/\\\/www.golfdekerbernez.com\\\/repertoire-de-levenement-page_slug\\\/#breadcrumb\"},\"inLanguage\":\"en-GB\",\"potentialAction\":[{\"@type\":\"ReadAction\",\"target\":[\"https:\\\/\\\/www.golfdekerbernez.com\\\/repertoire-de-levenement-page_slug\\\/\"]}]},{\"@type\":\"BreadcrumbList\",\"@id\":\"https:\\\/\\\/www.golfdekerbernez.com\\\/repertoire-de-levenement-page_slug\\\/#breadcrumb\",\"itemListElement\":[{\"@type\":\"ListItem\",\"position\":1,\"name\":\"Accueil\",\"item\":\"https:\\\/\\\/www.golfdekerbernez.com\\\/\"},{\"@type\":\"ListItem\",\"position\":2,\"name\":\"\u00c9v\u00e8nements\"}]},{\"@type\":\"WebSite\",\"@id\":\"https:\\\/\\\/www.golfdekerbernez.com\\\/#website\",\"url\":\"https:\\\/\\\/www.golfdekerbernez.com\\\/\",\"name\":\"Golf de Kerbernez\",\"description\":\"Un golf pour tous en Finist\u00e8re !\",\"publisher\":{\"@id\":\"https:\\\/\\\/www.golfdekerbernez.com\\\/#organization\"},\"potentialAction\":[{\"@type\":\"SearchAction\",\"target\":{\"@type\":\"EntryPoint\",\"urlTemplate\":\"https:\\\/\\\/www.golfdekerbernez.com\\\/?s={search_term_string}\"},\"query-input\":{\"@type\":\"PropertyValueSpecification\",\"valueRequired\":true,\"valueName\":\"search_term_string\"}}],\"inLanguage\":\"en-GB\"},{\"@type\":\"Organization\",\"@id\":\"https:\\\/\\\/www.golfdekerbernez.com\\\/#organization\",\"name\":\"Golf De Kerbernez\",\"url\":\"https:\\\/\\\/www.golfdekerbernez.com\\\/\",\"logo\":{\"@type\":\"ImageObject\",\"inLanguage\":\"en-GB\",\"@id\":\"https:\\\/\\\/www.golfdekerbernez.com\\\/#\\\/schema\\\/logo\\\/image\\\/\",\"url\":\"https:\\\/\\\/www.golfdekerbernez.com\\\/wp-content\\\/uploads\\\/2022\\\/01\\\/logo_golf_kerbernez_header@2x.png\",\"contentUrl\":\"https:\\\/\\\/www.golfdekerbernez.com\\\/wp-content\\\/uploads\\\/2022\\\/01\\\/logo_golf_kerbernez_header@2x.png\",\"width\":440,\"height\":240,\"caption\":\"Golf De Kerbernez\"},\"image\":{\"@id\":\"https:\\\/\\\/www.golfdekerbernez.com\\\/#\\\/schema\\\/logo\\\/image\\\/\"},\"sameAs\":[\"https:\\\/\\\/www.facebook.com\\\/golf.kerbernez.quimper.finistere.bretagne\\\/\"]}]}<\/script>\n<!-- \/ Yoast SEO plugin. -->","yoast_head_json":{"title":"Events - Golf de Kerbernez","robots":{"index":"index","follow":"follow","max-snippet":"max-snippet:-1","max-image-preview":"max-image-preview:large","max-video-preview":"max-video-preview:-1"},"canonical":"https:\/\/www.golfdekerbernez.com\/en\/repertoire-de-levenement-page_slug\/","og_locale":"en_GB","og_type":"article","og_title":"\u00c9v\u00e8nements - Golf de Kerbernez","og_url":"https:\/\/www.golfdekerbernez.com\/en\/repertoire-de-levenement-page_slug\/","og_site_name":"Golf de Kerbernez","article_publisher":"https:\/\/www.facebook.com\/golf.kerbernez.quimper.finistere.bretagne\/","article_modified_time":"2022-10-04T08:14:05+00:00","og_image":[{"width":440,"height":240,"url":"https:\/\/www.golfdekerbernez.com\/wp-content\/uploads\/2022\/01\/logo_golf_kerbernez_header@2x.png","type":"image\/png"}],"twitter_card":"summary_large_image","twitter_misc":{"Estimated reading time":"1 minute"},"schema":{"@context":"https:\/\/schema.org","@graph":[{"@type":"WebPage","@id":"https:\/\/www.golfdekerbernez.com\/repertoire-de-levenement-page_slug\/","url":"https:\/\/www.golfdekerbernez.com\/repertoire-de-levenement-page_slug\/","name":"Events - Golf de Kerbernez","isPartOf":{"@id":"https:\/\/www.golfdekerbernez.com\/#website"},"datePublished":"2021-10-25T13:11:26+00:00","dateModified":"2022-10-04T08:14:05+00:00","breadcrumb":{"@id":"https:\/\/www.golfdekerbernez.com\/repertoire-de-levenement-page_slug\/#breadcrumb"},"inLanguage":"en-GB","potentialAction":[{"@type":"ReadAction","target":["https:\/\/www.golfdekerbernez.com\/repertoire-de-levenement-page_slug\/"]}]},{"@type":"BreadcrumbList","@id":"https:\/\/www.golfdekerbernez.com\/repertoire-de-levenement-page_slug\/#breadcrumb","itemListElement":[{"@type":"ListItem","position":1,"name":"Accueil","item":"https:\/\/www.golfdekerbernez.com\/"},{"@type":"ListItem","position":2,"name":"\u00c9v\u00e8nements"}]},{"@type":"WebSite","@id":"https:\/\/www.golfdekerbernez.com\/#website","url":"https:\/\/www.golfdekerbernez.com\/","name":"Kerbernez Golf Club","description":"Golf for all in Finist\u00e8re!","publisher":{"@id":"https:\/\/www.golfdekerbernez.com\/#organization"},"potentialAction":[{"@type":"SearchAction","target":{"@type":"EntryPoint","urlTemplate":"https:\/\/www.golfdekerbernez.com\/?s={search_term_string}"},"query-input":{"@type":"PropertyValueSpecification","valueRequired":true,"valueName":"search_term_string"}}],"inLanguage":"en-GB"},{"@type":"Organization","@id":"https:\/\/www.golfdekerbernez.com\/#organization","name":"Golf De Kerbernez","url":"https:\/\/www.golfdekerbernez.com\/","logo":{"@type":"ImageObject","inLanguage":"en-GB","@id":"https:\/\/www.golfdekerbernez.com\/#\/schema\/logo\/image\/","url":"https:\/\/www.golfdekerbernez.com\/wp-content\/uploads\/2022\/01\/logo_golf_kerbernez_header@2x.png","contentUrl":"https:\/\/www.golfdekerbernez.com\/wp-content\/uploads\/2022\/01\/logo_golf_kerbernez_header@2x.png","width":440,"height":240,"caption":"Golf De Kerbernez"},"image":{"@id":"https:\/\/www.golfdekerbernez.com\/#\/schema\/logo\/image\/"},"sameAs":["https:\/\/www.facebook.com\/golf.kerbernez.quimper.finistere.bretagne\/"]}]}},"_links":{"self":[{"href":"https:\/\/www.golfdekerbernez.com\/en\/wp-json\/wp\/v2\/pages\/85","targetHints":{"allow":["GET"]}}],"collection":[{"href":"https:\/\/www.golfdekerbernez.com\/en\/wp-json\/wp\/v2\/pages"}],"about":[{"href":"https:\/\/www.golfdekerbernez.com\/en\/wp-json\/wp\/v2\/types\/page"}],"author":[{"embeddable":true,"href":"https:\/\/www.golfdekerbernez.com\/en\/wp-json\/wp\/v2\/users\/10"}],"replies":[{"embeddable":true,"href":"https:\/\/www.golfdekerbernez.com\/en\/wp-json\/wp\/v2\/comments?post=85"}],"version-history":[{"count":6,"href":"https:\/\/www.golfdekerbernez.com\/en\/wp-json\/wp\/v2\/pages\/85\/revisions"}],"predecessor-version":[{"id":852,"href":"https:\/\/www.golfdekerbernez.com\/en\/wp-json\/wp\/v2\/pages\/85\/revisions\/852"}],"wp:attachment":[{"href":"https:\/\/www.golfdekerbernez.com\/en\/wp-json\/wp\/v2\/media?parent=85"}],"curies":[{"name":"wp","href":"https:\/\/api.w.org\/{rel}","templated":true}]}}