{"id":92,"date":"2021-10-25T16:14:51","date_gmt":"2021-10-25T14:14:51","guid":{"rendered":"https:\/\/www.golfdekerbernez.com\/?page_id=92"},"modified":"2021-10-25T16:21:00","modified_gmt":"2021-10-25T14:21:00","slug":"agenda","status":"publish","type":"page","link":"https:\/\/www.golfdekerbernez.com\/en\/agenda\/","title":{"rendered":"Agenda"},"content":{"rendered":"<div class=\"wpb-content-wrapper\"><div class=\"vc_row wpb_row vc_row-fluid\"><div class=\"wpb_column vc_column_container vc_col-sm-12\"><div class=\"vc_column-inner\"><div class=\"wpb_wrapper\">\n\t<div class=\"wpb_text_column wpb_content_element\" >\n\t\t<div class=\"wpb_wrapper\">\n\t\t\t<h1>L'<strong>agenda<\/strong> of the Clohars-Fouesnant town hall.<\/h1>\n<p>Find out about the main upcoming events in the commune...<\/p>\n\n\t\t<\/div>\n\t<\/div>\n\n\t<div class=\"wpb_text_column wpb_content_element\" >\n\t\t<div class=\"wpb_wrapper\">\n\t\t\t<!-- EventON Calendar --><div id='evcal_calendar_219' class='list_cal ajde_evcal_calendar  box_2 ul' ><div id='evcal_head' class='calendar_header' ><div class='evo_cal_above'><span class='evo-gototoday-btn' style='display:none' data-mo='5' data-yr='2026' data-dy=''>Current Month<\/span><\/div><div class='evo_cal_above_content'><\/div><div class='clear'><\/div><\/div><div id='eventon_loadbar_section'><div id='eventon_loadbar'><\/div><\/div><!-- Events List --><div id='evcal_list' class='eventon_events_list sep_months evcal_list_month'><div class='evcal_month_line' data-d='eml_5_2026'><p>mai 2026<\/p><\/div><div class='sep_month_events' data-d='eml_5_2026'><div id=\"event_2243_0\" class=\"eventon_list_event evo_eventtop scheduled past_event event event_2243_0\" data-event_id=\"2243\" data-ri=\"0r\" data-time=\"1777726800-1777728600\" data-colr=\"#ed6f00\" itemscope itemtype='http:\/\/schema.org\/Event'><div class=\"evo_event_schema\" style=\"display:none\" ><a itemprop='url'  href='https:\/\/www.golfdekerbernez.com\/en\/events\/ladies-day-7\/'><\/a><meta itemprop='image'  \/><meta itemprop='startDate' content=\"2026-5-2T13:00+2:00\" \/><meta itemprop='endDate' content=\"2026-5-2T13:30+2:00\" \/><meta itemprop='eventStatus' content=\"https:\/\/schema.org\/EventScheduled\" \/><item style=\"display:none\" itemprop=\"eventAttendanceMode\" itemscope itemtype=\"https:\/\/schema.org\/OfflineEventAttendanceMode\"><\/item><script type=\"application\/ld+json\">{\n    \"@context\": \"http:\\\/\\\/schema.org\",\n    \"@type\": \"Event\",\n    \"@id\": \"event_2243_0\",\n    \"eventAttendanceMode\": \"https:\\\/\\\/schema.org\\\/OfflineEventAttendanceMode\",\n    \"name\": \"LADIES DAY 7\",\n    \"url\": \"https:\\\/\\\/www.golfdekerbernez.com\\\/en\\\/events\\\/ladies-day-7\\\/\",\n    \"startDate\": \"2026-5-2T13:00+2:00\",\n    \"endDate\": \"2026-5-2T13:30+2:00\",\n    \"image\": \"\",\n    \"description\": \"<p>D\\u00e9parts en d\\u00e9cal\\u00e9s de 13h00 \\u00e0 13h30. Possibilit\\u00e9 de faire 2&#215;9 trous avec second d\\u00e9part de 15h00 \\u00e0 15h30<\\\/p> \",\n    \"eventStatus\": \"https:\\\/\\\/schema.org\\\/EventScheduled\"\n}<\/script><\/div>\r\n\t\t\t\t<p class=\"desc_trig_outter\" style=\"\"><a data-gmap_status=\"null\" data-exlk=\"0\" style=\"border-color: #ed6f00;\" id=\"evc_17777268002243\" class=\"desc_trig sin_val evcal_list_a\" data-ux_val=\"1\"  ><span class='evcal_cblock' data-bgcolor='#ed6f00' data-smon='mai' data-syr='2026'><span class='evo_start'><em class='date'>02<\/em><em class='month'>May<\/em><em class='time'>13h00<\/em><\/span><span class='evo_end only_time'><em class='time'>13h30<\/em><\/span><em class='clear'><\/em><\/span><span class='evcal_desc evo_info hide_eventtopdata'  ><span class='evo_above_title'><\/span><span class='evcal_desc2 evcal_event_title' itemprop='name'>LADIES DAY 7<\/span><span class='evo_below_title'><\/span><span class='evcal_desc_info' ><\/span><span class='evcal_desc3'><\/span><\/span><em class='clear'><\/em><\/a><\/p><div class='event_description evcal_eventcard' style=\"display:none\"><div class='evo_metarow_details evorow evcal_evdata_row evcal_event_details'>\n\t\t\t\t\t\t\t\t<div class=\"event_excerpt\" style=\"display:none\"><h3 class=\"padb5 evo_h3\">Details of the event<\/h3><p>D\u00e9parts en d\u00e9cal\u00e9s de 13h00 \u00e0 13h30. Possibilit\u00e9 de faire 2&#215;9 trous avec second d\u00e9part de 15h00 \u00e0 15h30\n<\/p><\/div><span class='evcal_evdata_icons'><i class='fa fa-align-justify'><\/i><\/span>\n\t\t\t\t\t\t\t\t\n\t\t\t\t\t\t\t\t<div class='evcal_evdata_cell'>\n\t\t\t\t\t\t\t\t\t<div class='eventon_full_description'>\n\t\t\t\t\t\t\t\t\t\t<h3 class='padb5 evo_h3'><span class='evcal_evdata_icons'><i class='fa fa-align-justify'><\/i><\/span>Details of the event<\/h3>\n\t\t\t\t\t\t\t\t\t\t<div class='eventon_desc_in' itemprop='description'>\n\t\t\t\t\t\t\t\t\t\t<p>D\u00e9parts en d\u00e9cal\u00e9s de 13h00 \u00e0 13h30. Possibilit\u00e9 de faire 2&#215;9 trous avec second d\u00e9part de 15h00 \u00e0 15h30<\/p>\n<\/div><div class='clear'><\/div>\n\t\t\t\t\t\t\t\t\t<\/div>\n\t\t\t\t\t\t\t\t<\/div>\n\t\t\t\t\t\t\t<\/div><div class='evo_metarow_time evorow evcal_evdata_row evcal_evrow_sm'>\n\t\t\t\t\t\t\t\t<span class='evcal_evdata_icons'><i class='fa fa-clock'><\/i><\/span>\n\t\t\t\t\t\t\t\t<div class='evcal_evdata_cell'>\t\t\t\t\t\t\t\n\t\t\t\t\t\t\t\t\t<h3 class='evo_h3'><span class='evcal_evdata_icons'><i class='fa fa-clock'><\/i><\/span>Dates &amp; Times<\/h3><p><span class='evo_eventcard_time_t'>(Samedi) 13h00 - 13h30<\/span><\/p>\n\t\t\t\t\t\t\t\t<\/div>\n\t\t\t\t\t\t\t<\/div>\t\t\t\t\t\t\t<div class='evo_metarow_ICS evorow evcal_evdata_row'>\n\t\t\t\t\t\t\t\t<span class=\"evcal_evdata_icons\"><i class=\"fa fa-calendar\"><\/i><\/span>\n\t\t\t\t\t\t\t\t<div class='evcal_evdata_cell'>\n\t\t\t\t\t\t\t\t\t<p><a href='https:\/\/www.golfdekerbernez.com\/wp-admin\/admin-ajax.php?action=eventon_ics_download&amp;event_id=2243&amp;ri=0' class='evo_ics_nCal' title='Add to your calendar'>Calendar<\/a><a href='\/\/www.google.com\/calendar\/event?action=TEMPLATE&amp;text=LADIES+DAY+7&amp;dates=20260502T110000Z\/20260502T113000Z&amp;ctz=Europe\/Paris&amp;details=LADIES+DAY+7&amp;location=' target='_blank' class='evo_ics_gCal' title='Add to google calendar'>GoogleCal<\/a><\/p>\t\n\t\t\t\t\t\t\t\t<\/div>\n\t\t\t\t\t\t\t<\/div>\n\t\t\t\t\t\t\t<div class='evo_card_row_end evcal_close' title='Close'><\/div><\/div><div class='clear end'><\/div><\/div><div id=\"event_2216_0\" class=\"eventon_list_event evo_eventtop scheduled  event event_2216_0\" data-event_id=\"2216\" data-ri=\"0r\" data-time=\"1779544800-1779553800\" data-colr=\"#ed6f00\" itemscope itemtype='http:\/\/schema.org\/Event'><div class=\"evo_event_schema\" style=\"display:none\" ><a itemprop='url'  href='https:\/\/www.golfdekerbernez.com\/en\/events\/pitch-putt-speed-golf\/'><\/a><meta itemprop='image'  \/><meta itemprop='startDate' content=\"2026-5-23T14:00+2:00\" \/><meta itemprop='endDate' content=\"2026-5-23T16:30+2:00\" \/><meta itemprop='eventStatus' content=\"https:\/\/schema.org\/EventScheduled\" \/><item style=\"display:none\" itemprop=\"eventAttendanceMode\" itemscope itemtype=\"https:\/\/schema.org\/OfflineEventAttendanceMode\"><\/item><script type=\"application\/ld+json\">{\n    \"@context\": \"http:\\\/\\\/schema.org\",\n    \"@type\": \"Event\",\n    \"@id\": \"event_2216_0\",\n    \"eventAttendanceMode\": \"https:\\\/\\\/schema.org\\\/OfflineEventAttendanceMode\",\n    \"name\": \"PITCH &amp; PUTT : SPEED GOLF\",\n    \"url\": \"https:\\\/\\\/www.golfdekerbernez.com\\\/en\\\/events\\\/pitch-putt-speed-golf\\\/\",\n    \"startDate\": \"2026-5-23T14:00+2:00\",\n    \"endDate\": \"2026-5-23T16:30+2:00\",\n    \"image\": \"\",\n    \"description\": \"<p><span>Une partie de speedgolf est une partie de golf sur 18 trous, jou\\u00e9e au pas de course. <\\\/span><\\\/p> <p><span>Le r\\u00e9sultat est obtenu par l&rsquo;addition du score de golf (en coups) et du temps mis pour effectuer le parcours (en minutes et secondes).<\\\/span><\\\/p> \",\n    \"eventStatus\": \"https:\\\/\\\/schema.org\\\/EventScheduled\"\n}<\/script><\/div>\r\n\t\t\t\t<p class=\"desc_trig_outter\" style=\"\"><a data-gmap_status=\"null\" data-exlk=\"0\" style=\"border-color: #ed6f00;\" id=\"evc_17795448002216\" class=\"desc_trig sin_val evcal_list_a\" data-ux_val=\"1\"  ><span class='evcal_cblock' data-bgcolor='#ed6f00' data-smon='mai' data-syr='2026'><span class='evo_start'><em class='date'>23<\/em><em class='month'>May<\/em><em class='time'>14h00<\/em><\/span><span class='evo_end only_time'><em class='time'>16h30<\/em><\/span><em class='clear'><\/em><\/span><span class='evcal_desc evo_info hide_eventtopdata'  ><span class='evo_above_title'><\/span><span class='evcal_desc2 evcal_event_title' itemprop='name'>PITCH & PUTT : SPEED GOLF<\/span><span class='evo_below_title'><\/span><span class='evcal_desc_info' ><\/span><span class='evcal_desc3'><\/span><\/span><em class='clear'><\/em><\/a><\/p><div class='event_description evcal_eventcard' style=\"display:none\"><div class='evo_metarow_details evorow evcal_evdata_row evcal_event_details'>\n\t\t\t\t\t\t\t\t<div class=\"event_excerpt\" style=\"display:none\"><h3 class=\"padb5 evo_h3\">Details of the event<\/h3><p>Une partie de speedgolf est une partie de golf sur 18 trous, jou\u00e9e au pas de course. \nLe r\u00e9sultat est obtenu par l&rsquo;addition du score de golf (en coups) et<\/p><\/div><span class='evcal_evdata_icons'><i class='fa fa-align-justify'><\/i><\/span>\n\t\t\t\t\t\t\t\t\n\t\t\t\t\t\t\t\t<div class='evcal_evdata_cell'>\n\t\t\t\t\t\t\t\t\t<div class='eventon_full_description'>\n\t\t\t\t\t\t\t\t\t\t<h3 class='padb5 evo_h3'><span class='evcal_evdata_icons'><i class='fa fa-align-justify'><\/i><\/span>Details of the event<\/h3>\n\t\t\t\t\t\t\t\t\t\t<div class='eventon_desc_in' itemprop='description'>\n\t\t\t\t\t\t\t\t\t\t<p><span>Une partie de speedgolf est une partie de golf sur 18 trous, jou\u00e9e au pas de course. <\/span><\/p>\n<p><span>Le r\u00e9sultat est obtenu par l&rsquo;addition du score de golf (en coups) et du temps mis pour effectuer le parcours (en minutes et secondes).<\/span><\/p>\n<\/div><div class='clear'><\/div>\n\t\t\t\t\t\t\t\t\t<\/div>\n\t\t\t\t\t\t\t\t<\/div>\n\t\t\t\t\t\t\t<\/div><div class='evo_metarow_time evorow evcal_evdata_row evcal_evrow_sm'>\n\t\t\t\t\t\t\t\t<span class='evcal_evdata_icons'><i class='fa fa-clock'><\/i><\/span>\n\t\t\t\t\t\t\t\t<div class='evcal_evdata_cell'>\t\t\t\t\t\t\t\n\t\t\t\t\t\t\t\t\t<h3 class='evo_h3'><span class='evcal_evdata_icons'><i class='fa fa-clock'><\/i><\/span>Dates &amp; Times<\/h3><p><span class='evo_eventcard_time_t'>(Samedi) 14h00 - 16h30<\/span><\/p>\n\t\t\t\t\t\t\t\t<\/div>\n\t\t\t\t\t\t\t<\/div>\t\t\t\t\t\t\t<div class='evo_metarow_ICS evorow evcal_evdata_row'>\n\t\t\t\t\t\t\t\t<span class=\"evcal_evdata_icons\"><i class=\"fa fa-calendar\"><\/i><\/span>\n\t\t\t\t\t\t\t\t<div class='evcal_evdata_cell'>\n\t\t\t\t\t\t\t\t\t<p><a href='https:\/\/www.golfdekerbernez.com\/wp-admin\/admin-ajax.php?action=eventon_ics_download&amp;event_id=2216&amp;ri=0' class='evo_ics_nCal' title='Add to your calendar'>Calendar<\/a><a href='\/\/www.google.com\/calendar\/event?action=TEMPLATE&amp;text=PITCH+%26+PUTT+%3A+SPEED+GOLF&amp;dates=20260523T120000Z\/20260523T143000Z&amp;ctz=Europe\/Paris&amp;details=PITCH+%26+PUTT+%3A+SPEED+GOLF&amp;location=' target='_blank' class='evo_ics_gCal' title='Add to google calendar'>GoogleCal<\/a><\/p>\t\n\t\t\t\t\t\t\t\t<\/div>\n\t\t\t\t\t\t\t<\/div>\n\t\t\t\t\t\t\t<div class='evo_card_row_end evcal_close' title='Close'><\/div><\/div><div class='clear end'><\/div><\/div><\/div><div class='evcal_month_line' data-d='eml_6_2026'><p>juin 2026<\/p><\/div><div class='sep_month_events no_event' data-d='eml_6_2026'><div class='eventon_list_event no_events'><p class='no_events' >No events<\/p><\/div><\/div><div class='evcal_month_line' data-d='eml_7_2026'><p>juillet 2026<\/p><\/div><div class='sep_month_events no_event' data-d='eml_7_2026'><div class='eventon_list_event no_events'><p class='no_events' >No events<\/p><\/div><\/div><div class='evcal_month_line' data-d='eml_8_2026'><p>ao\u00fbt 2026<\/p><\/div><div class='sep_month_events no_event' data-d='eml_8_2026'><div class='eventon_list_event no_events'><p class='no_events' >No events<\/p><\/div><\/div><div class='evcal_month_line' data-d='eml_9_2026'><p>septembre 2026<\/p><\/div><div class='sep_month_events no_event' data-d='eml_9_2026'><div class='eventon_list_event no_events'><p class='no_events' >No events<\/p><\/div><\/div><div class='evcal_month_line' data-d='eml_10_2026'><p>octobre 2026<\/p><\/div><div class='sep_month_events no_event' data-d='eml_10_2026'><div class='eventon_list_event no_events'><p class='no_events' >No events<\/p><\/div><\/div><div class='evcal_month_line' data-d='eml_11_2026'><p>novembre 2026<\/p><\/div><div class='sep_month_events no_event' data-d='eml_11_2026'><div class='eventon_list_event no_events'><p class='no_events' >No events<\/p><\/div><\/div><div class='evcal_month_line' data-d='eml_12_2026'><p>d\u00e9cembre 2026<\/p><\/div><div class='sep_month_events no_event' data-d='eml_12_2026'><div class='eventon_list_event no_events'><p class='no_events' >No events<\/p><\/div><\/div><div class='evcal_month_line' data-d='eml_1_2027'><p>janvier 2027<\/p><\/div><div class='sep_month_events no_event' data-d='eml_1_2027'><div class='eventon_list_event no_events'><p class='no_events' >No events<\/p><\/div><\/div><div class='evcal_month_line' data-d='eml_2_2027'><p>f\u00e9vrier 2027<\/p><\/div><div class='sep_month_events no_event' data-d='eml_2_2027'><div class='eventon_list_event no_events'><p class='no_events' >No events<\/p><\/div><\/div><div class='evcal_month_line' data-d='eml_3_2027'><p>mars 2027<\/p><\/div><div class='sep_month_events no_event' data-d='eml_3_2027'><div class='eventon_list_event no_events'><p class='no_events' >No events<\/p><\/div><\/div><div class='evcal_month_line' data-d='eml_4_2027'><p>avril 2027<\/p><\/div><div class='sep_month_events no_event' data-d='eml_4_2027'><div class='eventon_list_event no_events'><p class='no_events' >No events<\/p><\/div><\/div>\t\t\t<div class='clear'><\/div>\r\n\t\t\t<\/div>\r\n\t\t\t<div class='clear'><\/div>\r\n\t\t\t\t\t \t<div id='evcal_footer' class='evo_bottom' style='display:none'>\r\n\t\t \t\t<div class='evo_cal_data'  data-sc='{\"accord\":\"yes\",\"bottom_nav\":\"no\",\"cal_id\":\"\",\"cal_init_nonajax\":\"no\",\"calendar_type\":\"list\",\"etc_override\":\"no\",\"evc_open\":\"no\",\"event_count\":0,\"event_location\":\"all\",\"event_order\":\"ASC\",\"event_organizer\":\"all\",\"event_past_future\":\"all\",\"event_tag\":\"all\",\"event_type\":\"all\",\"event_type_2\":\"all\",\"event_type_3\":\"all\",\"event_type_4\":\"all\",\"event_type_5\":\"all\",\"eventtop_style\":0,\"exp_jumper\":\"no\",\"exp_so\":\"no\",\"filter_relationship\":\"AND\",\"filter_show_set_only\":\"no\",\"filter_type\":\"default\",\"filters\":\"yes\",\"fixed_month\":\"5\",\"fixed_year\":\"2026\",\"focus_end_date_range\":\"1809129599\",\"focus_start_date_range\":\"1777593600\",\"ft_event_priority\":\"no\",\"hide_arrows\":\"no\",\"hide_empty_months\":\"no\",\"hide_end_time\":\"no\",\"hide_ft\":\"no\",\"hide_month_headers\":\"no\",\"hide_mult_occur\":\"no\",\"hide_past\":\"no\",\"hide_past_by\":\"ee\",\"hide_so\":\"no\",\"ics\":\"no\",\"jumper\":\"no\",\"jumper_count\":5,\"jumper_offset\":\"0\",\"lang\":\"L1\",\"layout_changer\":\"no\",\"livenow_bar\":\"yes\",\"mapformat\":\"roadmap\",\"mapiconurl\":\"\",\"maps_load\":\"yes\",\"mapscroll\":\"false\",\"mapzoom\":\"18\",\"members_only\":\"no\",\"ml_priority\":\"no\",\"month_incre\":0,\"number_of_months\":\"12\",\"only_ft\":\"no\",\"pec\":\"\",\"s\":\"\",\"search\":\"\",\"search_all\":\"no\",\"sep_month\":\"yes\",\"show_et_ft_img\":\"yes\",\"show_limit\":\"no\",\"show_limit_ajax\":\"no\",\"show_limit_paged\":1,\"show_limit_redir\":\"\",\"show_repeats\":\"no\",\"show_upcoming\":0,\"show_year\":\"yes\",\"sort_by\":\"sort_date\",\"tile_bg\":0,\"tile_bg_size\":\"full\",\"tile_count\":2,\"tile_height\":0,\"tile_style\":0,\"tiles\":\"no\",\"ux_val\":\"0\",\"view_switcher\":\"no\",\"wpml_l1\":\"\",\"wpml_l2\":\"\",\"wpml_l3\":\"\",\"yl_priority\":\"no\",\"fixed_day\":\"13\",\"_cver\":\"3.1.6\"}' data-od='{\"lang_no_events\":\"Pas d&#039;\\u00e9v\\u00e8nements\"}'><\/div>\r\n\t\t \t\t<div class='evo_cal_events' data-events=\"\"><\/div>\r\n\t\t \t<\/div>\r\n\t\t\t\t\r\n\t\t\t\r\n\t\t\t\t\t\t<\/div><!-- EventON End -->\r\n\t\t\t\n\n\t\t<\/div>\n\t<\/div>\n<\/div><\/div><\/div><\/div>\n<\/div>","protected":false},"excerpt":{"rendered":"Estivale n\u00b02 9 Trous Scramble \u00e0 deux (team formed by drawing lots) Shotgun start at 6.00 pm Followed by a buffet dinner","protected":false},"author":10,"featured_media":0,"parent":0,"menu_order":14,"comment_status":"closed","ping_status":"closed","template":"template-full-width.php","meta":{"_acf_changed":false,"footnotes":""},"class_list":["post-92","page","type-page","status-publish","hentry"],"acf":[],"yoast_head":"<!-- This site is optimized with the Yoast SEO plugin v27.6 - https:\/\/yoast.com\/product\/yoast-seo-wordpress\/ -->\n<title>Agenda - Golf de Kerbernez<\/title>\n<meta name=\"robots\" content=\"index, follow, max-snippet:-1, max-image-preview:large, max-video-preview:-1\" \/>\n<link rel=\"canonical\" href=\"https:\/\/www.golfdekerbernez.com\/en\/agenda\/\" \/>\n<meta property=\"og:locale\" content=\"en_GB\" \/>\n<meta property=\"og:type\" content=\"article\" \/>\n<meta property=\"og:title\" content=\"Agenda - Golf de Kerbernez\" \/>\n<meta property=\"og:url\" content=\"https:\/\/www.golfdekerbernez.com\/en\/agenda\/\" \/>\n<meta property=\"og:site_name\" content=\"Golf de Kerbernez\" \/>\n<meta property=\"article:publisher\" content=\"https:\/\/www.facebook.com\/golf.kerbernez.quimper.finistere.bretagne\/\" \/>\n<meta property=\"article:modified_time\" content=\"2021-10-25T14:21:00+00:00\" \/>\n<meta property=\"og:image\" content=\"https:\/\/www.golfdekerbernez.com\/wp-content\/uploads\/2022\/01\/logo_golf_kerbernez_header@2x.png\" \/>\n\t<meta property=\"og:image:width\" content=\"440\" \/>\n\t<meta property=\"og:image:height\" content=\"240\" \/>\n\t<meta property=\"og:image:type\" content=\"image\/png\" \/>\n<meta name=\"twitter:card\" content=\"summary_large_image\" \/>\n<script type=\"application\/ld+json\" class=\"yoast-schema-graph\">{\"@context\":\"https:\\\/\\\/schema.org\",\"@graph\":[{\"@type\":\"WebPage\",\"@id\":\"https:\\\/\\\/www.golfdekerbernez.com\\\/agenda\\\/\",\"url\":\"https:\\\/\\\/www.golfdekerbernez.com\\\/agenda\\\/\",\"name\":\"Agenda - Golf de Kerbernez\",\"isPartOf\":{\"@id\":\"https:\\\/\\\/www.golfdekerbernez.com\\\/#website\"},\"datePublished\":\"2021-10-25T14:14:51+00:00\",\"dateModified\":\"2021-10-25T14:21:00+00:00\",\"breadcrumb\":{\"@id\":\"https:\\\/\\\/www.golfdekerbernez.com\\\/agenda\\\/#breadcrumb\"},\"inLanguage\":\"en-GB\",\"potentialAction\":[{\"@type\":\"ReadAction\",\"target\":[\"https:\\\/\\\/www.golfdekerbernez.com\\\/agenda\\\/\"]}]},{\"@type\":\"BreadcrumbList\",\"@id\":\"https:\\\/\\\/www.golfdekerbernez.com\\\/agenda\\\/#breadcrumb\",\"itemListElement\":[{\"@type\":\"ListItem\",\"position\":1,\"name\":\"Accueil\",\"item\":\"https:\\\/\\\/www.golfdekerbernez.com\\\/\"},{\"@type\":\"ListItem\",\"position\":2,\"name\":\"Agenda\"}]},{\"@type\":\"WebSite\",\"@id\":\"https:\\\/\\\/www.golfdekerbernez.com\\\/#website\",\"url\":\"https:\\\/\\\/www.golfdekerbernez.com\\\/\",\"name\":\"Golf de Kerbernez\",\"description\":\"Un golf pour tous en Finist\u00e8re !\",\"publisher\":{\"@id\":\"https:\\\/\\\/www.golfdekerbernez.com\\\/#organization\"},\"potentialAction\":[{\"@type\":\"SearchAction\",\"target\":{\"@type\":\"EntryPoint\",\"urlTemplate\":\"https:\\\/\\\/www.golfdekerbernez.com\\\/?s={search_term_string}\"},\"query-input\":{\"@type\":\"PropertyValueSpecification\",\"valueRequired\":true,\"valueName\":\"search_term_string\"}}],\"inLanguage\":\"en-GB\"},{\"@type\":\"Organization\",\"@id\":\"https:\\\/\\\/www.golfdekerbernez.com\\\/#organization\",\"name\":\"Golf De Kerbernez\",\"url\":\"https:\\\/\\\/www.golfdekerbernez.com\\\/\",\"logo\":{\"@type\":\"ImageObject\",\"inLanguage\":\"en-GB\",\"@id\":\"https:\\\/\\\/www.golfdekerbernez.com\\\/#\\\/schema\\\/logo\\\/image\\\/\",\"url\":\"https:\\\/\\\/www.golfdekerbernez.com\\\/wp-content\\\/uploads\\\/2022\\\/01\\\/logo_golf_kerbernez_header@2x.png\",\"contentUrl\":\"https:\\\/\\\/www.golfdekerbernez.com\\\/wp-content\\\/uploads\\\/2022\\\/01\\\/logo_golf_kerbernez_header@2x.png\",\"width\":440,\"height\":240,\"caption\":\"Golf De Kerbernez\"},\"image\":{\"@id\":\"https:\\\/\\\/www.golfdekerbernez.com\\\/#\\\/schema\\\/logo\\\/image\\\/\"},\"sameAs\":[\"https:\\\/\\\/www.facebook.com\\\/golf.kerbernez.quimper.finistere.bretagne\\\/\"]}]}<\/script>\n<!-- \/ Yoast SEO plugin. -->","yoast_head_json":{"title":"Agenda - Golf de Kerbernez","robots":{"index":"index","follow":"follow","max-snippet":"max-snippet:-1","max-image-preview":"max-image-preview:large","max-video-preview":"max-video-preview:-1"},"canonical":"https:\/\/www.golfdekerbernez.com\/en\/agenda\/","og_locale":"en_GB","og_type":"article","og_title":"Agenda - Golf de Kerbernez","og_url":"https:\/\/www.golfdekerbernez.com\/en\/agenda\/","og_site_name":"Golf de Kerbernez","article_publisher":"https:\/\/www.facebook.com\/golf.kerbernez.quimper.finistere.bretagne\/","article_modified_time":"2021-10-25T14:21:00+00:00","og_image":[{"width":440,"height":240,"url":"https:\/\/www.golfdekerbernez.com\/wp-content\/uploads\/2022\/01\/logo_golf_kerbernez_header@2x.png","type":"image\/png"}],"twitter_card":"summary_large_image","schema":{"@context":"https:\/\/schema.org","@graph":[{"@type":"WebPage","@id":"https:\/\/www.golfdekerbernez.com\/agenda\/","url":"https:\/\/www.golfdekerbernez.com\/agenda\/","name":"Agenda - Golf de Kerbernez","isPartOf":{"@id":"https:\/\/www.golfdekerbernez.com\/#website"},"datePublished":"2021-10-25T14:14:51+00:00","dateModified":"2021-10-25T14:21:00+00:00","breadcrumb":{"@id":"https:\/\/www.golfdekerbernez.com\/agenda\/#breadcrumb"},"inLanguage":"en-GB","potentialAction":[{"@type":"ReadAction","target":["https:\/\/www.golfdekerbernez.com\/agenda\/"]}]},{"@type":"BreadcrumbList","@id":"https:\/\/www.golfdekerbernez.com\/agenda\/#breadcrumb","itemListElement":[{"@type":"ListItem","position":1,"name":"Accueil","item":"https:\/\/www.golfdekerbernez.com\/"},{"@type":"ListItem","position":2,"name":"Agenda"}]},{"@type":"WebSite","@id":"https:\/\/www.golfdekerbernez.com\/#website","url":"https:\/\/www.golfdekerbernez.com\/","name":"Kerbernez Golf Club","description":"Golf for all in Finist\u00e8re!","publisher":{"@id":"https:\/\/www.golfdekerbernez.com\/#organization"},"potentialAction":[{"@type":"SearchAction","target":{"@type":"EntryPoint","urlTemplate":"https:\/\/www.golfdekerbernez.com\/?s={search_term_string}"},"query-input":{"@type":"PropertyValueSpecification","valueRequired":true,"valueName":"search_term_string"}}],"inLanguage":"en-GB"},{"@type":"Organization","@id":"https:\/\/www.golfdekerbernez.com\/#organization","name":"Golf De Kerbernez","url":"https:\/\/www.golfdekerbernez.com\/","logo":{"@type":"ImageObject","inLanguage":"en-GB","@id":"https:\/\/www.golfdekerbernez.com\/#\/schema\/logo\/image\/","url":"https:\/\/www.golfdekerbernez.com\/wp-content\/uploads\/2022\/01\/logo_golf_kerbernez_header@2x.png","contentUrl":"https:\/\/www.golfdekerbernez.com\/wp-content\/uploads\/2022\/01\/logo_golf_kerbernez_header@2x.png","width":440,"height":240,"caption":"Golf De Kerbernez"},"image":{"@id":"https:\/\/www.golfdekerbernez.com\/#\/schema\/logo\/image\/"},"sameAs":["https:\/\/www.facebook.com\/golf.kerbernez.quimper.finistere.bretagne\/"]}]}},"_links":{"self":[{"href":"https:\/\/www.golfdekerbernez.com\/en\/wp-json\/wp\/v2\/pages\/92","targetHints":{"allow":["GET"]}}],"collection":[{"href":"https:\/\/www.golfdekerbernez.com\/en\/wp-json\/wp\/v2\/pages"}],"about":[{"href":"https:\/\/www.golfdekerbernez.com\/en\/wp-json\/wp\/v2\/types\/page"}],"author":[{"embeddable":true,"href":"https:\/\/www.golfdekerbernez.com\/en\/wp-json\/wp\/v2\/users\/10"}],"replies":[{"embeddable":true,"href":"https:\/\/www.golfdekerbernez.com\/en\/wp-json\/wp\/v2\/comments?post=92"}],"version-history":[{"count":4,"href":"https:\/\/www.golfdekerbernez.com\/en\/wp-json\/wp\/v2\/pages\/92\/revisions"}],"predecessor-version":[{"id":98,"href":"https:\/\/www.golfdekerbernez.com\/en\/wp-json\/wp\/v2\/pages\/92\/revisions\/98"}],"wp:attachment":[{"href":"https:\/\/www.golfdekerbernez.com\/en\/wp-json\/wp\/v2\/media?parent=92"}],"curies":[{"name":"wp","href":"https:\/\/api.w.org\/{rel}","templated":true}]}}